{"id":4332,"date":"2025-09-30T10:04:11","date_gmt":"2025-09-30T08:04:11","guid":{"rendered":"https:\/\/sundeco.ch\/prodotti\/plissettatura\/easy-frame\/"},"modified":"2025-09-30T16:06:12","modified_gmt":"2025-09-30T14:06:12","slug":"easy-frame","status":"publish","type":"page","link":"https:\/\/sundeco.ch\/it\/prodotti\/plissettatura\/easy-frame\/","title":{"rendered":"Easy Frame"},"content":{"rendered":"    <!-- HERO HEADLINE BLOCK -->\n    <section class=\"wrapper hero-wrapper\"\n             role=\"region\">\n        <div class=\"hero-headline\">\n            <h1>Easy Frame Plissee<\/h1>\n            <p style=\"text-align: center;\">Cornice magnetica per protezione solare senza forature<\/p>\n                    <\/div>\n    <\/section>\n    <!-- \/HERO HEADLINE BLOCK -->\n    \n\n                    <div class=\"wrapper\">\n                        <article class=\"grid-2\">\n                                                            <div class=\"article-content\" role=\"article\">\n                                                                            <h2>Che cos&#039;\u00e8 un Easy Frame?<\/h2>\n                                                                                                                <p>Easy Frame \u00e8 un innovativo telaio parasole che pu\u00f2 essere fissato direttamente alla finestra con potenti magneti, senza bisogno di trapani o viti. \u00c8 realizzato su misura e si adatta perfettamente a qualsiasi finestra. Il telaio mantiene saldamente in posizione il tessuto parasole scelto, ad esempio una tenda plissettata, e pu\u00f2 essere rimosso in qualsiasi momento senza lasciare residui. Easy Frame \u00e8 quindi la soluzione ideale per appartamenti in affitto, uffici o per tutti coloro che cercano un&#8217;alternativa flessibile e senza danni ai sistemi di protezione solare convenzionali, come le tende plissettate fisse.   <\/p>\n                                                                                                        <\/div> <!-- \/.article-content -->\n\n                                <div class=\"article-image\">\n                                    <img data-src=\"https:\/\/sundeco.ch\/wp-content\/uploads\/2025\/09\/Easy-Frame-Schwarz.webp\" alt=\"\" class=\"article-image lazyload\">                                <\/div><!-- \/.article-image -->\n                                                    <\/article><!-- \/.grid-2 -->\n                    <\/div> <!-- \/.wrapper -->\n                                        <div class=\"wrapper\">\n                        <article class=\"grid-2\">\n                                                            <div class=\"article-image\">\n                                    <img data-src=\"https:\/\/sundeco.ch\/wp-content\/uploads\/2025\/09\/Easy-Frame-grau.webp\" alt=\"Hand setzt einen grauen Fensterrahmen mit Jalousie in ein gekipptes Fenster ein.\" class=\"article-image lazyload\">                                <\/div> <!-- \/.article-image -->\n\n                                <div class=\"article-content\">\n                                                                            <h2>Dove pu\u00f2 essere utilizzato Easy Frame?<\/h2>\n                                                                                                                <p>Easy Frame \u00e8 adatto a quasi tutti gli ambienti e tipi di finestre. Che sia in soggiorno, camera da letto, camera dei bambini o nell&#8217;ufficio di casa, garantisce un clima piacevole e protegge in modo affidabile dal sole abbagliante. Offre una soluzione semplice anche negli appartamenti in affitto, dove spesso non \u00e8 consentito forare. Grazie alle diverse varianti di tessuto, da quelli traslucidi a quelli completamente oscuranti, Easy Frame pu\u00f2 essere adattato in modo flessibile alle esigenze individuali. In questo modo crea il mix perfetto di comfort, protezione e design in ogni ambiente.    <\/p>\n                                                                                                        <\/div> <!-- \/.article-content -->\n                                                    <\/article><!-- \/.grid-2 -->\n                    <\/div> <!-- \/.wrapper -->\n                    \n\n    <div class=\"list-block\">\n        <div class=\"list-header\">\n            <h2>5 vantaggi di Easy Frame per una protezione dalla vista elegante e funzionale<\/h2>\n        <\/div>\n        <div class=\"list-grid\">\n            <div>\n                <ul class=\"list-items\">\n                                                                    <li>\n                            <p><strong>Montaggio senza attrezzi <\/strong>&#8211; Easy Frame si fissa semplicemente alla finestra con dei magneti, senza bisogno di forare, avvitare o incollare.<\/p>\n                        <\/li>\n                                                                    <li>\n                            <p><strong>Rimozione senza residui<\/strong> &#8211; Ideale per appartamenti in affitto: il telaio pu\u00f2 essere rimosso in qualsiasi momento senza lasciare tracce o danni.<\/p>\n                        <\/li>\n                                                                    <li>\n                            <p><strong>Realizzazione su misura per ogni finestra<\/strong> &#8211; Ogni Easy Frame viene realizzato individualmente in base alle misure esatte e si adatta quindi perfettamente.<\/p>\n                        <\/li>\n                                                                    <li>\n                            <p><strong>Scelta flessibile dei tessuti<\/strong> &#8211; da traslucidi a coprenti fino a oscuranti: la protezione solare pu\u00f2 essere personalizzata in base alle esigenze individuali.<\/p>\n                        <\/li>\n                                                                    <li>\n                            <p><strong>Resistente e riutilizzabile<\/strong> &#8211; i materiali di alta qualit\u00e0 garantiscono stabilit\u00e0 e durata; il telaio pu\u00f2 essere riutilizzato senza problemi in caso di trasloco o ristrutturazione.<\/p>\n                        <\/li>\n                                    <\/ul>\n            <\/div>\n                    <\/div>\n    <\/div>\n    \n\n    <!-- TABBED CAROUSEL -->\n\n    <div id=\"tab-carousel-69ebb1448135e3.30398744\" class=\"tab-carousel-container\">\n\n        <ul class=\"tab-navigation\">\n                            <li class=\"tab active\"\n                    data-index=\"0\">Plissee<\/li>\n                                <li class=\"tab\"\n                    data-index=\"1\">Pieghe a nido d&#039;ape<\/li>\n                                <li class=\"tab\"\n                    data-index=\"2\">persiane<\/li>\n                        <\/ul>\n        <div class=\"swiper mySwiper\">\n            <div class=\"swiper-wrapper\">\n                                    <div class=\"swiper-slide\">\n                        <div class=\"custom-slide\">\n                            <div class=\"slide-content\">\n                                <div class=\"slide-image\">\n                                    <img decoding=\"async\" src=\"https:\/\/sundeco.ch\/wp-content\/uploads\/2025\/09\/Easy-Frame-Plissee.webp\"\n                                         alt=\"Fenster mit dunkelgrauem Rahmen und halb geschlossenem Plissee mit floralem Muster, Ausblick auf gr\u00fcne Landschaft.\"\n                                         loading=\"lazy\">\n                                <\/div><!-- \/.slide-image -->\n                                <div class=\"slide-text\">\n                                    <h3>Easy Frame Plissee<\/h3>\n                                    <p>La tenda plissettata Easy Frame \u00e8 la soluzione versatile per una protezione solare moderna. I pannelli di tessuto finemente pieghettati non solo offrono un aspetto elegante, ma anche un&#039;ampia scelta di colori, fantasie e gradi di trasparenza. In questo modo \u00e8 possibile personalizzare ogni finestra, dal punto di vista sia decorativo che funzionale. Grazie al semplice montaggio magnetico, la tenda plissettata rimane sempre flessibile e pu\u00f2 essere sostituita o pulita senza problemi.   <\/p>\n                                <\/div> <!-- \/.slide-text -->\n                            <\/div> <!-- \/.slide-content -->\n                        <\/div> <!-- \/.custom-slide -->\n                    <\/div><!-- \/.swiper-slide -->\n                                        <div class=\"swiper-slide\">\n                        <div class=\"custom-slide\">\n                            <div class=\"slide-content\">\n                                <div class=\"slide-image\">\n                                    <img decoding=\"async\" src=\"https:\/\/sundeco.ch\/wp-content\/uploads\/2025\/09\/Easy-Frame-Wabenplissee.webp\"\n                                         alt=\"Elegantes Fenster mit halb geschlossenem Plissee in Wei\u00df, moderne Innenansicht mit Ausblick ins Freie.\"\n                                         loading=\"lazy\">\n                                <\/div><!-- \/.slide-image -->\n                                <div class=\"slide-text\">\n                                    <h3>Easy Frame Plissettata a nido d&#039;ape<\/h3>\n                                    <p>La tenda plissettata Easy Frame Honeycomb combina il pratico fissaggio magnetico con i vantaggi energetici di una struttura a nido d&#039;ape. La speciale forma delle celle crea una camera d&#039;aria che protegge dal calore in estate e dal freddo in inverno. Allo stesso tempo offre una protezione ottimale dalla vista e dall&#039;abbagliamento e crea un clima interno piacevole. Ideale per chi desidera combinare la protezione solare con un ulteriore isolamento termico, perfetto per soggiorni e camere da letto.   <\/p>\n                                <\/div> <!-- \/.slide-text -->\n                            <\/div> <!-- \/.slide-content -->\n                        <\/div> <!-- \/.custom-slide -->\n                    <\/div><!-- \/.swiper-slide -->\n                                        <div class=\"swiper-slide\">\n                        <div class=\"custom-slide\">\n                            <div class=\"slide-content\">\n                                <div class=\"slide-image\">\n                                    <img decoding=\"async\" src=\"https:\/\/sundeco.ch\/wp-content\/uploads\/2025\/09\/Easy-Frame-Jalousien.webp\"\n                                         alt=\"\"\n                                         loading=\"lazy\">\n                                <\/div><!-- \/.slide-image -->\n                                <div class=\"slide-text\">\n                                    <h3>Tende a lamelle Easy Frame<\/h3>\n                                    <p>Le tende Easy Frame consentono di regolare l&#039;incidenza della luce in modo particolarmente flessibile. Le lamelle possono essere inclinate individualmente, consentendo cos\u00ec una regolazione precisa della luminosit\u00e0 e della privacy. Grazie al montaggio magnetico sul telaio, la struttura della finestra rimane intatta e le tende si integrano con discrezione in qualsiasi ambiente abitativo. Questa variante \u00e8 particolarmente apprezzata negli uffici e negli studi, dove \u00e8 richiesta una regolazione variabile della luce.   <\/p>\n                                <\/div> <!-- \/.slide-text -->\n                            <\/div> <!-- \/.slide-content -->\n                        <\/div> <!-- \/.custom-slide -->\n                    <\/div><!-- \/.swiper-slide -->\n                                <\/div> <!-- \/.swiper-wrapper -->\n            <div class=\"swiper-button-prev\"><\/div>\n            <div class=\"swiper-button-next\"><\/div>\n        <\/div> <!-- \/.swiper MySwiper -->\n    <\/div> <!-- \/.tab-carousel-container -->\n    <!-- \/TABBED CAROUSEL -->\n    ","protected":false},"excerpt":{"rendered":"","protected":false},"author":1,"featured_media":4295,"parent":2457,"menu_order":0,"comment_status":"closed","ping_status":"closed","template":"templates\/index.php","meta":{"footnotes":""},"class_list":["post-4332","page","type-page","status-publish","has-post-thumbnail","hentry"],"_links":{"self":[{"href":"https:\/\/sundeco.ch\/it\/wp-json\/wp\/v2\/pages\/4332","targetHints":{"allow":["GET"]}}],"collection":[{"href":"https:\/\/sundeco.ch\/it\/wp-json\/wp\/v2\/pages"}],"about":[{"href":"https:\/\/sundeco.ch\/it\/wp-json\/wp\/v2\/types\/page"}],"author":[{"embeddable":true,"href":"https:\/\/sundeco.ch\/it\/wp-json\/wp\/v2\/users\/1"}],"replies":[{"embeddable":true,"href":"https:\/\/sundeco.ch\/it\/wp-json\/wp\/v2\/comments?post=4332"}],"version-history":[{"count":1,"href":"https:\/\/sundeco.ch\/it\/wp-json\/wp\/v2\/pages\/4332\/revisions"}],"predecessor-version":[{"id":4333,"href":"https:\/\/sundeco.ch\/it\/wp-json\/wp\/v2\/pages\/4332\/revisions\/4333"}],"up":[{"embeddable":true,"href":"https:\/\/sundeco.ch\/it\/wp-json\/wp\/v2\/pages\/2457"}],"wp:featuredmedia":[{"embeddable":true,"href":"https:\/\/sundeco.ch\/it\/wp-json\/wp\/v2\/media\/4295"}],"wp:attachment":[{"href":"https:\/\/sundeco.ch\/it\/wp-json\/wp\/v2\/media?parent=4332"}],"curies":[{"name":"wp","href":"https:\/\/api.w.org\/{rel}","templated":true}]}}