{"id":2474,"date":"2025-03-24T16:37:48","date_gmt":"2025-03-24T15:37:48","guid":{"rendered":"https:\/\/staging.sundeco.ch\/prodotti\/rullos\/"},"modified":"2025-06-23T10:14:19","modified_gmt":"2025-06-23T08:14:19","slug":"rullos","status":"publish","type":"page","link":"https:\/\/sundeco.ch\/it\/prodotti\/rullos\/","title":{"rendered":"Rullos"},"content":{"rendered":"    <!-- HERO HEADLINE BLOCK -->\n    <section class=\"wrapper hero-wrapper\"\n             role=\"region\">\n        <div class=\"hero-headline\">\n            <h1>Rullos su misura<\/h1>\n            <p style=\"text-align: center;\">Le tende a rullo offrono una luce accogliente e rendono la tua casa ancora pi\u00f9 bella<\/p>\n                    <\/div>\n    <\/section>\n    <!-- \/HERO HEADLINE BLOCK -->\n    \n\n                    <div class=\"wrapper\">\n                        <article class=\"grid-2\">\n                                                            <div class=\"article-content\" role=\"article\">\n                                                                            <h2>Tenda a rullo: il design incontra la funzionalit\u00e0<\/h2>\n                                                                                                                <p>Una tenda a <strong>rullo<\/strong> \u00e8 una soluzione pratica ed elegante per proteggere dal sole e dalla privacy in qualsiasi ambiente. Grazie alla sua forma pulita, alla facilit\u00e0 d&#8217;uso e alle versatili opzioni di design, la tenda a rullo si adatta perfettamente a diversi stili abitativi e forme di finestre. Che si tratti di oscuramento in camera da letto, protezione antiriflesso in ufficio o elemento decorativo in soggiorno, una tenda a <em>rullo<\/em> colpisce per la sua funzionalit\u00e0 e il suo stile moderno.<\/p>\n                                                                                                        <\/div> <!-- \/.article-content -->\n\n                                <div class=\"article-image\">\n                                    <img data-src=\"https:\/\/sundeco.ch\/wp-content\/uploads\/2025\/04\/erfal_Rollos_12.webp\" alt=\"Nahaufnahme eines Fensters mit modernem Rollo im orangefarbenen Bl\u00e4ttermuster als dekorativer Sichtschutz in der K\u00fcche\" class=\"article-image lazyload\">                                <\/div><!-- \/.article-image -->\n                                                    <\/article><!-- \/.grid-2 -->\n                    <\/div> <!-- \/.wrapper -->\n                                        <div class=\"wrapper\">\n                        <article class=\"grid-2\">\n                                                            <div class=\"article-image\">\n                                    <img data-src=\"https:\/\/sundeco.ch\/wp-content\/uploads\/2025\/04\/erfal_Rollos_04.webp\" alt=\"Helles Wohnzimmer mit grossen Fenstern und dezenten weissen Rollo Anlagen als stilvoller Sonnen und Sichtschutz\" class=\"article-image lazyload\">                                <\/div> <!-- \/.article-image -->\n\n                                <div class=\"article-content\">\n                                                                            <h2>Spazio e stile<\/h2>\n                                                                                                                <div class=\"text-block\">Le tende a rullo combinano funzionalit\u00e0 e design e si adattano perfettamente a qualsiasi ambiente e stile abitativo. Che siano moderne, minimaliste, classiche o scandinave, l&#8217;ampia scelta di colori, tessuti e livelli di trasparenza permette alle tende a rullo di integrarsi perfettamente in qualsiasi concetto di interior design. In soggiorno, aggiungono accenti di stile, in camera da letto offrono tranquillit\u00e0 e comfort, e nell&#8217;ufficio domestico creano un&#8217;atmosfera concentrata. A seconda del tessuto scelto, le tende a rullo possono integrarsi discretamente nell&#8217;ambiente o fungere da elemento decorativo di spicco: ideali per chi apprezza una percezione personalizzata dello spazio e una privacy e una protezione solare sofisticate.<\/div>\n                                                                                                        <\/div> <!-- \/.article-content -->\n                                                    <\/article><!-- \/.grid-2 -->\n                    <\/div> <!-- \/.wrapper -->\n                                        <div class=\"wrapper\">\n                        <article class=\"grid-2\">\n                                                            <div class=\"article-content\" role=\"article\">\n                                                                            <h2>Vantaggi di una tenda a rullo classica<\/h2>\n                                                                                                                <p>Una tenda a rullo classica \u00e8 la scelta ideale per chi cerca una soluzione semplice, funzionale ed elegante per la privacy e la protezione dal sole. Rispetto a una <a href=\"https:\/\/sundeco.ch\/produkte\/doppelrollos\/\">tenda a rullo doppia<\/a>, questa tenda a rullo colpisce per il suo aspetto pulito e minimalista e la semplicit\u00e0 d&#8217;uso. \u00c8 particolarmente adatta per ambienti in cui \u00e8 richiesto un oscuramento completo o un&#8217;efficace protezione dai raggi solari, come camere da letto o uffici. Le tende a rullo sono spesso pi\u00f9 economiche e possono essere adattate individualmente allo stile della stanza grazie all&#8217;ampia scelta di tessuti e colori. Se apprezzate l&#8217;eleganza classica e la funzionalit\u00e0 affidabile, una tenda a rullo \u00e8 la scelta giusta.<\/p>\n                                                                                                        <\/div> <!-- \/.article-content -->\n\n                                <div class=\"article-image\">\n                                    <img data-src=\"https:\/\/sundeco.ch\/wp-content\/uploads\/2025\/04\/Rollos_Bad_203_70.webp\" alt=\"Modernes Badezimmer mit t\u00fcrkisfarbenem Sicht und Sonnenschutz an den Fenstern f\u00fcr eine frische und harmonische Atmosph\u00e4re\" class=\"article-image lazyload\">                                <\/div><!-- \/.article-image -->\n                                                    <\/article><!-- \/.grid-2 -->\n                    <\/div> <!-- \/.wrapper -->\n                    \n\n    <div class=\"list-block\">\n        <div class=\"list-header\">\n            <h2>Caratteristiche e vantaggi a colpo d&#039;occhio<\/h2>\n        <\/div>\n        <div class=\"list-grid\">\n            <div>\n                <ul class=\"list-items\">\n                                                                    <li>\n                            <p>La produzione viene eseguita con precisione millimetrica ed \u00e8 personalizzata in base alla rispettiva finestra.<\/p>\n                        <\/li>\n                                                                    <li>\n                            <p>Per un migliore oscuramento \u00e8 possibile scegliere varianti con guida laterale per cavi o binario di guida.<\/p>\n                        <\/li>\n                                                                    <li>\n                            <p>\u00c8 possibile scegliere tra cinque gruppi di modelli, che si differenziano per funzionamento, fissaggio e design del colore.<\/p>\n                        <\/li>\n                                                                    <li>\n                            <p>A seconda del modello, l&#8217;installazione \u00e8 possibile anche senza forare, il che \u00e8 particolarmente vantaggioso negli appartamenti in affitto.<\/p>\n                        <\/li>\n                                                                    <li>\n                            <p>Sono disponibili complessivamente 473 tessuti in vari colori, fantasie e livelli di trasparenza.<\/p>\n                        <\/li>\n                                    <\/ul>\n            <\/div>\n                            <div>\n                    <ul class=\"list-items\">\n                                                    <li>\n                                <p>Il funzionamento \u00e8 semplice e pu\u00f2 essere effettuato manualmente o elettricamente.<\/p>\n                            <\/li>\n                                                    <li>\n                                <p>A seconda del tessuto, sono possibili larghezze fino a 440 centimetri e altezze fino a 400 centimetri.<\/p>\n                            <\/li>\n                                                    <li>\n                                <p>Adatto anche alle camerette dei bambini, poich\u00e9 il sistema di strappo integrato soddisfa i requisiti della norma EN13120 sulla sicurezza dei bambini.<\/p>\n                            <\/li>\n                                                    <li>\n                                <p>Per un design personalizzato, puoi aggiungere al tessuto immagini, loghi o motivi grafici personalizzati.<\/p>\n                            <\/li>\n                                            <\/ul>\n                <\/div>\n                    <\/div>\n    <\/div>\n    \n\n                <div\n                        class=\"spacer-block\"\n                        style=\"height: 5rem;\"\n                        aria-hidden=\"true\"\n                >\n                <\/div>\n                \n\n    <!-- Header Block -->\n    <div class=\"wrapper header-block\">\n                    <h2>Opzioni di montaggio<\/h2>\n                <\/div>\n    <!-- \/Header Block -->\n    \n\n    <!-- TABBED CAROUSEL -->\n\n    <div id=\"tab-carousel-69e2f222c55af4.49091434\" class=\"tab-carousel-container\">\n\n        <ul class=\"tab-navigation\">\n                            <li class=\"tab active\"\n                    data-index=\"0\">Davanti alla finestra<\/li>\n                                <li class=\"tab\"\n                    data-index=\"1\">Sul telaio della finestra<\/li>\n                        <\/ul>\n        <div class=\"swiper mySwiper\">\n            <div class=\"swiper-wrapper\">\n                                    <div class=\"swiper-slide\">\n                        <div class=\"custom-slide\">\n                            <div class=\"slide-content\">\n                                <div class=\"slide-image\">\n                                    <img decoding=\"async\" src=\"https:\/\/sundeco.ch\/wp-content\/uploads\/2025\/04\/Rollos_12-680x480.webp\"\n                                         alt=\"Detailansicht einer modernen Kettenbedienung f\u00fcr einen dunkelgrauen Sichtschutz mit dezentem Muster\"\n                                         loading=\"lazy\">\n                                <\/div><!-- \/.slide-image -->\n                                <div class=\"slide-text\">\n                                    <h3>Davanti alla finestra<\/h3>\n                                    <p>Le tende a rullo possono essere montate in modo flessibile, a parete o a soffitto, a seconda delle esigenze. Il montaggio a parete \u00e8 particolarmente indicato se la tenda deve essere installata direttamente sopra la finestra, mentre il montaggio a soffitto \u00e8 ideale per ombreggiare elegantemente ampie superfici vetrate o vetrate.<\/p>\n                                <\/div> <!-- \/.slide-text -->\n                            <\/div> <!-- \/.slide-content -->\n                        <\/div> <!-- \/.custom-slide -->\n                    <\/div><!-- \/.swiper-slide -->\n                                        <div class=\"swiper-slide\">\n                        <div class=\"custom-slide\">\n                            <div class=\"slide-content\">\n                                <div class=\"slide-image\">\n                                    <img decoding=\"async\" src=\"https:\/\/sundeco.ch\/wp-content\/uploads\/2025\/04\/Rollo-montiert-aud-dem-Fensterrahmen-680x480.webp\"\n                                         alt=\"Roter Stoffbehang an einem Fenster, montiert auf dem Rahmen in einem hellblauen Raum\"\n                                         loading=\"lazy\">\n                                <\/div><!-- \/.slide-image -->\n                                <div class=\"slide-text\">\n                                    <h3>Sul telaio della finestra<\/h3>\n                                    <p>Le tende a rullo con staffe a morsetto offrono un&#039;opzione particolarmente semplice, senza bisogno di forare, per il montaggio diretto sul telaio della finestra. Le staffe vengono semplicemente fissate all&#039;anta della finestra, senza bisogno di attrezzi e senza danneggiare il telaio. Questa soluzione \u00e8 ideale per immobili in affitto e finestre in plastica e consente un&#039;installazione stabile e pulita della tenda a rullo, che pu\u00f2 essere rimossa senza lasciare residui se necessario.<\/p>\n                                <\/div> <!-- \/.slide-text -->\n                            <\/div> <!-- \/.slide-content -->\n                        <\/div> <!-- \/.custom-slide -->\n                    <\/div><!-- \/.swiper-slide -->\n                                <\/div> <!-- \/.swiper-wrapper -->\n            <div class=\"swiper-button-prev\"><\/div>\n            <div class=\"swiper-button-next\"><\/div>\n        <\/div> <!-- \/.swiper MySwiper -->\n    <\/div> <!-- \/.tab-carousel-container -->\n    <!-- \/TABBED CAROUSEL -->\n    \n\n                <div\n                        class=\"spacer-block\"\n                        style=\"height: 5rem;\"\n                        aria-hidden=\"true\"\n                >\n                <\/div>\n                \n\n    <!-- Header Block -->\n    <div class=\"wrapper header-block\">\n                    <h2>Azionamento delle tende a rullo<\/h2>\n                <\/div>\n    <!-- \/Header Block -->\n    \n\n\n    <!-- PARAGRAPH BLOCK -->\n    <div class=\"paragraph-wrapper paragraph-block\">\n        <p>Le tende a rullo sono versatili e adattabili a qualsiasi situazione abitativa. Classiche con catena, comode con maniglia o asta, semplici con manovella o completamente moderne con opzione elettrica, ogni opzione consente una regolazione precisa e continua. Questo permette di personalizzare la protezione solare e la privacy in base alle proprie esigenze.<\/p>\n    <\/div>\n    <!-- PARAGRAPH BLOCK -->\n\n    \n\n    <div id=\"swiper-carousel-69e2f222c736b9.90660556\" class=\"swiper-carousel-block\">\n        <div class=\"swiper mySwiper\">\n            <div class=\"swiper-wrapper \">\n                                                        <div class=\"swiper-slide\">\n                        <div class=\"card image-top-card\">\n                            <img decoding=\"async\" src=\"https:\/\/sundeco.ch\/wp-content\/uploads\/2025\/04\/Rollos_12-680x480.webp\"\n                                 alt=\"Detailansicht einer modernen Kettenbedienung f\u00fcr einen dunkelgrauen Sichtschutz mit dezentem Muster\"\n                                 loading=\"lazy\">\n                            <div class=\"card-content\">\n                                <h3>paranco a catena<\/h3>\n                                <p>Le tende a rullo con comando a catenella offrono una soluzione semplice e collaudata per l&#039;uso quotidiano. La catenella laterale consente di regolare la tenda all&#039;altezza desiderata.<\/p>\n                            <\/div>\n                        <\/div>\n                    <\/div>\n                                                        <div class=\"swiper-slide\">\n                        <div class=\"card image-top-card\">\n                            <img decoding=\"async\" src=\"https:\/\/sundeco.ch\/wp-content\/uploads\/2025\/04\/erfal_Rollos_bauarten_besonderheiten_flexilibitaet_bedienstab.jpg.24281065.webp\"\n                                 alt=\"Nahaufnahme eines weissen Stoffes mit seitlicher Bedienvorrichtung in Metalloptik f\u00fcr manuelle Steuerung\"\n                                 loading=\"lazy\">\n                            <div class=\"card-content\">\n                                <h3>manovella<\/h3>\n                                <p>Le tende a rullo azionate a manovella sono ideali per finestre di grandi dimensioni o zone difficili da raggiungere. La manovella a scorrimento fluido consente una regolazione dell&#039;altezza della tenda precisa e senza sforzo.<\/p>\n                            <\/div>\n                        <\/div>\n                    <\/div>\n                                                        <div class=\"swiper-slide\">\n                        <div class=\"card image-top-card\">\n                            <img decoding=\"async\" src=\"https:\/\/sundeco.ch\/wp-content\/uploads\/2025\/04\/erfal_eACCU-Doppelrollo-Connector-App-680x480.webp\"\n                                 alt=\"Ein heller Wohnraum mit gem\u00fctlicher Sitzecke, Blick in den Garten und einer Hand mit Smartphone im Vordergrund.\"\n                                 loading=\"lazy\">\n                            <div class=\"card-content\">\n                                <h3>Elettrico<\/h3>\n                                <p>Le tende a rullo elettriche offrono il massimo comfort e una qualit\u00e0 abitativa moderna. Controllate tramite interruttore, telecomando o persino un&#039;app smart, possono essere regolate in modo comodo e preciso nella posizione desiderata.<\/p>\n                            <\/div>\n                        <\/div>\n                    <\/div>\n                                                        <div class=\"swiper-slide\">\n                        <div class=\"card image-top-card\">\n                            <img decoding=\"async\" src=\"https:\/\/sundeco.ch\/wp-content\/uploads\/2025\/04\/i2_Bedienung-verspannte-Anlagen-Schiene-Slide-Comfort-680x480.webp\"\n                                 alt=\"Nahaufnahme eines plissierten Behanges mit seitlich gef\u00fchrter Schnur in einer dezenten Fensterschiene\"\n                                 loading=\"lazy\">\n                            <div class=\"card-content\">\n                                <h3>Maniglia di comando<\/h3>\n                                <p>Le tende a rullo con maniglia possono essere facilmente azionate manualmente direttamente dal profilo inferiore. Questa soluzione semplice non richiede catenella o manovella e consente la regolazione continua dell&#039;altezza con una sola mano.<\/p>\n                            <\/div>\n                        <\/div>\n                    <\/div>\n                            <\/div>\n\n            <div class=\"swiper-button-prev\"><\/div>\n            <div class=\"swiper-button-next\"><\/div>\n\n            <div class=\"swiper-pagination\"><\/div>\n\n        <\/div>\n    <\/div>\n    \n\n                <div\n                        class=\"spacer-block\"\n                        style=\"height: 5rem;\"\n                        aria-hidden=\"true\"\n                >\n                <\/div>\n                \n\n    <div class=\"location-block\">\n        <div class=\"container-background\">\n            <img data-src=\"https:\/\/sundeco.ch\/wp-content\/uploads\/2025\/04\/SUNDECO-Map-schweiz.webp\" alt=\"Location Background\" class=\"lazyload\">\n        <\/div>\n        <div class=\"location-overlay\">\n            <h2>Schermatura solare Svizzera &#8211; i nostri partner specializzati sono vicini a voi<\/h2>\n            <p>I nostri partner vi servono in tutta la Svizzera. Abbiamo rappresentanti Sundeco nelle seguenti regioni che possono consigliarvi!<\/p>\n        <\/div>\n        <div class=\"location-cta\">\n            <a href=\"https:\/\/sundeco.ch\/standorte\/\">\n                <span class=\"button\">Un partner nel vostro quartiere?<\/span>\n            <\/a>\n        <\/div>\n    <\/div>\n    ","protected":false},"excerpt":{"rendered":"","protected":false},"author":1,"featured_media":1846,"parent":2335,"menu_order":0,"comment_status":"closed","ping_status":"closed","template":"templates\/index.php","meta":{"footnotes":""},"class_list":["post-2474","page","type-page","status-publish","has-post-thumbnail","hentry"],"_links":{"self":[{"href":"https:\/\/sundeco.ch\/it\/wp-json\/wp\/v2\/pages\/2474","targetHints":{"allow":["GET"]}}],"collection":[{"href":"https:\/\/sundeco.ch\/it\/wp-json\/wp\/v2\/pages"}],"about":[{"href":"https:\/\/sundeco.ch\/it\/wp-json\/wp\/v2\/types\/page"}],"author":[{"embeddable":true,"href":"https:\/\/sundeco.ch\/it\/wp-json\/wp\/v2\/users\/1"}],"replies":[{"embeddable":true,"href":"https:\/\/sundeco.ch\/it\/wp-json\/wp\/v2\/comments?post=2474"}],"version-history":[{"count":1,"href":"https:\/\/sundeco.ch\/it\/wp-json\/wp\/v2\/pages\/2474\/revisions"}],"predecessor-version":[{"id":2475,"href":"https:\/\/sundeco.ch\/it\/wp-json\/wp\/v2\/pages\/2474\/revisions\/2475"}],"up":[{"embeddable":true,"href":"https:\/\/sundeco.ch\/it\/wp-json\/wp\/v2\/pages\/2335"}],"wp:featuredmedia":[{"embeddable":true,"href":"https:\/\/sundeco.ch\/it\/wp-json\/wp\/v2\/media\/1846"}],"wp:attachment":[{"href":"https:\/\/sundeco.ch\/it\/wp-json\/wp\/v2\/media?parent=2474"}],"curies":[{"name":"wp","href":"https:\/\/api.w.org\/{rel}","templated":true}]}}