{"id":2468,"date":"2025-04-03T16:30:05","date_gmt":"2025-04-03T14:30:05","guid":{"rendered":"https:\/\/staging.sundeco.ch\/prodotti\/stores-venitiens\/"},"modified":"2025-10-30T08:23:20","modified_gmt":"2025-10-30T07:23:20","slug":"stores-venitiens","status":"publish","type":"page","link":"https:\/\/sundeco.ch\/it\/prodotti\/stores-venitiens\/","title":{"rendered":"Tende alla veneziana"},"content":{"rendered":"    <!-- HERO HEADLINE BLOCK -->\n    <section class=\"wrapper hero-wrapper\"\n             role=\"region\">\n        <div class=\"hero-headline\">\n            <h1>Veneziane personalizzate<\/h1>\n            <p style=\"text-align: center;\">Le veneziane portano una bella luce e danno a ogni stanza una sensazione fantastica<\/p>\n<p>.<\/p>\n                    <\/div>\n    <\/section>\n    <!-- \/HERO HEADLINE BLOCK -->\n    \n\n                    <div class=\"wrapper\">\n                        <article class=\"grid-2\">\n                                                            <div class=\"article-content\" role=\"article\">\n                                                                            <h2>Veneziane personalizzate per una moderna privacy e protezione solare con stile<\/h2>\n                                                                                                                <p><strong>Le veneziane<\/strong> sono una soluzione elegante per il controllo personalizzato della luce e della privacy. Le lamelle regolabili consentono di regolare facilmente l&#8217;incidenza di luce desiderata. Il design personalizzato garantisce un adattamento preciso e si integra armoniosamente in qualsiasi concetto di ambiente. Grazie all&#8217;ampia gamma di materiali e colori, questo prodotto \u00e8 ideale per una variet\u00e0 di stili abitativi.<\/p>\n                                                                                                        <\/div> <!-- \/.article-content -->\n\n                                <div class=\"article-image\">\n                                    <img data-src=\"https:\/\/sundeco.ch\/wp-content\/uploads\/2025\/04\/Maxi-Line-Plus_Detail.webp\" alt=\"Teilweise geschlossene Lamellen lassen weiches Sonnenlicht in den Raum str\u00f6men.\" class=\"article-image lazyload\">                                <\/div><!-- \/.article-image -->\n                                                    <\/article><!-- \/.grid-2 -->\n                    <\/div> <!-- \/.wrapper -->\n                                        <div class=\"wrapper\">\n                        <article class=\"grid-2\">\n                                                            <div class=\"article-image\">\n                                    <img data-src=\"https:\/\/sundeco.ch\/wp-content\/uploads\/2025\/04\/Slope-Line_Raum.webp\" alt=\"Heller Bereich mit schr\u00e4ger Decke, einem weissen Tisch und rosafarbenem Sichtschutz am Fenster.\" class=\"article-image lazyload\">                                <\/div> <!-- \/.article-image -->\n\n                                <div class=\"article-content\">\n                                                                            <h2>Quali materiali e colori sono possibili?<\/h2>\n                                                                                                                <ul>\n<li><strong>Alluminio per spazi moderni<\/strong><br \/>I modelli in alluminio hanno un aspetto moderno e minimalista, sono particolarmente facili da pulire e sono ideali per ambienti umidi o uffici.<\/li>\n<\/ul>\n<ul>\n<li><strong>Legno per un&#8217;atmosfera calda<\/strong><br \/>Le versioni in legno conferiscono un&#8217;atmosfera naturale e accogliente alla stanza e si adattano perfettamente a stili di interior design accoglienti.<\/li>\n<\/ul>\n<ul>\n<li><strong>Ampia scelta di colori<\/strong><br \/>La palette di colori spazia da tonalit\u00e0 classiche come bianco, grigio o beige a colori vivaci o un effetto legno naturale.<\/li>\n<\/ul>\n                                                                                                        <\/div> <!-- \/.article-content -->\n                                                    <\/article><!-- \/.grid-2 -->\n                    <\/div> <!-- \/.wrapper -->\n                    \n\n    <div class=\"list-block\">\n        <div class=\"list-header\">\n            <h2>10 vantaggi delle tende per la protezione dalla luce e la vita moderna<\/h2>\n        <\/div>\n        <div class=\"list-grid\">\n            <div>\n                <ul class=\"list-items\">\n                                                                    <li>\n                            <p>Le lamelle possono essere regolate con precisione in modo da poter adattare la quantit\u00e0 di luce a piacere.<\/p>\n                        <\/li>\n                                                                    <li>\n                            <p>A seconda dell&#8217;orientamento delle lamelle, garantiscono una privacy efficace.<\/p>\n                        <\/li>\n                                                                    <li>\n                            <p>Gr\u00e2ce \u00e0 leurs lignes \u00e9pur\u00e9es, les stores v\u00e9nitiens s&#8217;int\u00e8grent aussi bien dans les styles d&#8217;am\u00e9nagement modernes que classiques.<\/p>\n                        <\/li>\n                                                                    <li>\n                            <p>Si adattano perfettamente alla finestra e sono ideali per stanze piccole o per finestre strette.<\/p>\n                        <\/li>\n                                                                    <li>\n                            <p>Che siano in alluminio o in legno, ce n&#8217;\u00e8 per ogni stanza e per ogni gusto.<\/p>\n                        <\/li>\n                                    <\/ul>\n            <\/div>\n                            <div>\n                    <ul class=\"list-items\">\n                                                    <li>\n                                <p>Le doghe lisce sono facili e veloci da pulire: solitamente \u00e8 sufficiente un panno umido.<\/p>\n                            <\/li>\n                                                    <li>\n                                <p>I modelli di alta qualit\u00e0 sono costruiti in modo robusto e durano per molti anni, anche con un uso quotidiano.<\/p>\n                            <\/li>\n                                                    <li>\n                                <p>I nostri <em>stores veneziani su misura<\/em> si adattano perfettamente a finestre di qualsiasi dimensione, anche di forme particolari.<\/p>\n                            <\/li>\n                                                    <li>\n                                <p>I materiali speciali ne facilitano l&#8217;utilizzo in bagni e cucine.<\/p>\n                            <\/li>\n                                                    <li>\n                                <p>A seconda delle preferenze, il dispositivo pu\u00f2 essere azionato manualmente con una cordicella o comodamente tramite controllo elettrico.<\/p>\n                            <\/li>\n                                            <\/ul>\n                <\/div>\n                    <\/div>\n    <\/div>\n    \n\n                <div\n                        class=\"spacer-block\"\n                        style=\"height: 5rem;\"\n                        aria-hidden=\"true\"\n                >\n                <\/div>\n                \n\n    <!-- Header Block -->\n    <div class=\"wrapper header-block\">\n                    <h2>Commande des stores<\/h2>\n                <\/div>\n    <!-- \/Header Block -->\n    \n\n    <div id=\"swiper-carousel-69e2f4032c3542.04248253\" class=\"swiper-carousel-block\">\n        <div class=\"swiper mySwiper\">\n            <div class=\"swiper-wrapper \">\n                                                        <div class=\"swiper-slide\">\n                        <div class=\"card image-top-card\">\n                            <img decoding=\"async\" src=\"https:\/\/sundeco.ch\/wp-content\/uploads\/2025\/04\/Flexx-Line-Plus_Detail-680x480.webp\"\n                                 alt=\"Ein Fenster mit teilweiser Sicht nach draussen und einer dekorativen Abdeckung im unteren Bereich.\"\n                                 loading=\"lazy\">\n                            <div class=\"card-content\">\n                                <h3>Maniglia di comando\/manopola di rotazione<\/h3>\n                                <p>Una maniglia o una manopola di comando consente un controllo diretto e semplice della protezione solare. Le lamelle possono essere ruotate o le tende possono essere regolate nella posizione desiderata semplicemente ruotandole o spostandole. Questo tipo di azionamento \u00e8 particolarmente intuitivo e ideale per impianti di piccole dimensioni o finestre utilizzate frequentemente.<\/p>\n                            <\/div>\n                        <\/div>\n                    <\/div>\n                                                        <div class=\"swiper-slide\">\n                        <div class=\"card image-top-card\">\n                            <img decoding=\"async\" src=\"https:\/\/sundeco.ch\/wp-content\/uploads\/2025\/04\/Iso-Line_D-680x480.webp\"\n                                 alt=\"Zwei nebeneinanderliegende Fenster mit hellgr\u00fcnen Lamellen und weissen Abdeckungen an der Oberseite.\"\n                                 loading=\"lazy\">\n                            <div class=\"card-content\">\n                                <h3>tirare la corda<\/h3>\n                                <p>Il cordino di trazione \u00e8 una soluzione di azionamento classica e collaudata per molti sistemi di protezione solare. Basta tirare il cordino per aprire o chiudere la tenda senza interruzioni. Questa opzione \u00e8 particolarmente salvaspazio e ideale per finestre strette o installazioni discrete. A seconda del modello, il cordino di trazione pu\u00f2 essere montato a destra o a sinistra.<\/p>\n                            <\/div>\n                        <\/div>\n                    <\/div>\n                                                        <div class=\"swiper-slide\">\n                        <div class=\"card image-top-card\">\n                            <img decoding=\"async\" src=\"https:\/\/sundeco.ch\/wp-content\/uploads\/2025\/04\/erfal_eACCU-Doppelrollo-Connector-App-680x480.webp\"\n                                 alt=\"Ein heller Wohnraum mit gem\u00fctlicher Sitzecke, Blick in den Garten und einer Hand mit Smartphone im Vordergrund.\"\n                                 loading=\"lazy\">\n                            <div class=\"card-content\">\n                                <h3>Elettrico con radio o interruttore a pulsante<\/h3>\n                                <p>Il controllo elettrico tramite radio o pulsante offre la massima praticit\u00e0 con la semplice pressione di un pulsante. A seconda del sistema, la tenda parasole pu\u00f2 essere posizionata comodamente e con precisione tramite un interruttore a parete o un telecomando.<\/p>\n                            <\/div>\n                        <\/div>\n                    <\/div>\n                                                        <div class=\"swiper-slide\">\n                        <div class=\"card image-top-card\">\n                            <img decoding=\"async\" src=\"https:\/\/sundeco.ch\/wp-content\/uploads\/2025\/06\/Kurbel_jalousien-680x480.webp\"\n                                 alt=\"Geschlossene graue Jalousie mit einer seitlich angebrachten Kurbelmechanik zur manuellen Bedienung.\"\n                                 loading=\"lazy\">\n                            <div class=\"card-content\">\n                                <h3>Catena<\/h3>\n                                <p>Il comando a catena \u00e8 una soluzione semplice e collaudata per il controllo delle tende veneziane. La catena continua montata lateralmente permette di muovere le tende con precisione fino alla posizione desiderata.<\/p>\n                            <\/div>\n                        <\/div>\n                    <\/div>\n                                                        <div class=\"swiper-slide\">\n                        <div class=\"card image-top-card\">\n                            <img decoding=\"async\" src=\"https:\/\/sundeco.ch\/wp-content\/uploads\/2025\/06\/Kette_Jalousien-680x480.webp\"\n                                 alt=\"\"\n                                 loading=\"lazy\">\n                            <div class=\"card-content\">\n                                <h3>manovella<\/h3>\n                                <p>Il funzionamento a manovella consente di controllare comodamente e senza sforzo le tende veneziane, soprattutto per i sistemi pi\u00f9 grandi. Basta una semplice rotazione della manovella per ottenere una regolazione precisa delle tende e delle posizioni delle singole lamelle.<\/p>\n                            <\/div>\n                        <\/div>\n                    <\/div>\n                            <\/div>\n\n            <div class=\"swiper-button-prev\"><\/div>\n            <div class=\"swiper-button-next\"><\/div>\n\n            <div class=\"swiper-pagination\"><\/div>\n\n        <\/div>\n    <\/div>\n    \n\n                <div\n                        class=\"spacer-block\"\n                        style=\"height: 5rem;\"\n                        aria-hidden=\"true\"\n                >\n                <\/div>\n                \n\n    <!-- Header Block -->\n    <div class=\"wrapper header-block\">\n                    <h2>Varie opzioni di montaggio<\/h2>\n                <\/div>\n    <!-- \/Header Block -->\n    \n\n    <div id=\"swiper-carousel-69e2f4032dddd0.41624258\" class=\"swiper-carousel-block\">\n        <div class=\"swiper mySwiper\">\n            <div class=\"swiper-wrapper \">\n                                                        <div class=\"swiper-slide\">\n                        <div class=\"card image-top-card\">\n                            <img decoding=\"async\" src=\"https:\/\/sundeco.ch\/wp-content\/uploads\/2025\/04\/erfal_Aluminium-Jalousien_Montage_Fensterrahmen-680x480.webp\"\n                                 alt=\"Schwarze Lamellen vor grossen Fenstern in einem hellen und modernen B\u00fcro oder Wohnraum\"\n                                 loading=\"lazy\">\n                            <div class=\"card-content\">\n                                <h3>porta morsetto<\/h3>\n                                <p>Le staffe a morsetto permettono di installare le tende veneziane senza dover forare o avvitare. Si fissano semplicemente all&#039;anta della finestra e garantiscono una tenuta sicura senza danneggiare il telaio.<\/p>\n                            <\/div>\n                        <\/div>\n                    <\/div>\n                                                        <div class=\"swiper-slide\">\n                        <div class=\"card image-top-card\">\n                            <img decoding=\"async\" src=\"https:\/\/sundeco.ch\/wp-content\/uploads\/2025\/04\/Bildauswahl_Aluminium-Jalousien_Montage_vor_das_Fenster-680x480.jpg\"\n                                 alt=\"Fenster mit hellgr\u00fcnen Lamellen in einer Dachschr\u00e4ge, montiert vor der Laibung\"\n                                 loading=\"lazy\">\n                            <div class=\"card-content\">\n                                <h3>Supporti per pareti e soffitti<\/h3>\n                                <p>Le staffe da parete e da soffitto offrono una soluzione stabile per il montaggio diretto a parete o a soffitto. Sono particolarmente adatte quando la tenda deve essere montata leggermente decentrata rispetto alla finestra stessa.<\/p>\n                            <\/div>\n                        <\/div>\n                    <\/div>\n                                                        <div class=\"swiper-slide\">\n                        <div class=\"card image-top-card\">\n                            <img decoding=\"async\" src=\"https:\/\/sundeco.ch\/wp-content\/uploads\/2025\/04\/Bildauswahl_Aluminium-Jalousien_Montage_Glasleiste-680x480.jpg\"\n                                 alt=\"Nahaufnahme eines gr\u00fcnen Lamellenbehangs mit seitlicher Kette und weisser Oberschiene\"\n                                 loading=\"lazy\">\n                            <div class=\"card-content\">\n                                <h3>Nella striscia di vetro<\/h3>\n                                <p>Una volta montato nel fermavetro, il prodotto viene avvitato direttamente al telaio interno della finestra. Questo metodo di montaggio garantisce un&#039;installazione particolarmente discreta e stabile, con la protezione per la privacy a filo con la finestra. Ideale per un&#039;integrazione discreta nel design della finestra.<\/p>\n                            <\/div>\n                        <\/div>\n                    <\/div>\n                            <\/div>\n\n            <div class=\"swiper-button-prev\"><\/div>\n            <div class=\"swiper-button-next\"><\/div>\n\n            <div class=\"swiper-pagination\"><\/div>\n\n        <\/div>\n    <\/div>\n    \n\n                <div\n                        class=\"spacer-block\"\n                        style=\"height: 5rem;\"\n                        aria-hidden=\"true\"\n                >\n                <\/div>\n                \n\n    <!-- Header Block -->\n    <div class=\"wrapper header-block\">\n                    <h2>Caratteristiche speciali<\/h2>\n                <\/div>\n    <!-- \/Header Block -->\n    \n\n    <div id=\"swiper-carousel-69e2f4032f2f62.45405714\" class=\"swiper-carousel-block\">\n        <div class=\"swiper mySwiper\">\n            <div class=\"swiper-wrapper \">\n                                                        <div class=\"swiper-slide\">\n                        <div class=\"card image-top-card\">\n                            <img decoding=\"async\" src=\"https:\/\/sundeco.ch\/wp-content\/uploads\/2025\/04\/Sky-Line-Raum-680x480.webp\"\n                                 alt=\"Schr\u00e4g eingebautes Fenster in einem hellen Raum mit sanftem Lichteinfall.\"\n                                 loading=\"lazy\">\n                            <div class=\"card-content\">\n                                <h3>Per le finestre da tetto<\/h3>\n                                <p>Esistono soluzioni specifiche per finestre da tetto che funzionano in modo affidabile anche su soffitti inclinati. Il sistema \u00e8 guidato in modo sicuro e rimane stabile in qualsiasi posizione, consentendo una gestione flessibile della luce e della privacy anche su tetti inclinati.<\/p>\n                            <\/div>\n                        <\/div>\n                    <\/div>\n                                                        <div class=\"swiper-slide\">\n                        <div class=\"card image-top-card\">\n                            <img decoding=\"async\" src=\"https:\/\/sundeco.ch\/wp-content\/uploads\/2025\/04\/Slope-Line_Raum-680x480.webp\"\n                                 alt=\"Heller Bereich mit schr\u00e4ger Decke, einem weissen Tisch und rosafarbenem Sichtschutz am Fenster.\"\n                                 loading=\"lazy\">\n                            <div class=\"card-content\">\n                                <h3>Per finestre inclinate<\/h3>\n                                <p>Esistono anche sistemi per finestre inclinate che si adattano alla loro forma specifica. La guida garantisce la tenuta sicura dell&#039;elemento e pu\u00f2 essere facilmente regolata in qualsiasi posizione desiderata.<\/p>\n                            <\/div>\n                        <\/div>\n                    <\/div>\n                                                        <div class=\"swiper-slide\">\n                        <div class=\"card image-top-card\">\n                            <img decoding=\"async\" src=\"https:\/\/sundeco.ch\/wp-content\/uploads\/2025\/04\/erfal_Aluminium-Jalousien_bauarten_besonderheiten_Kindersicherheit.jpg.24279964.webp\"\n                                 alt=\"Zwei Ansichten eines kleinen Ger\u00e4ts mit Perlenkette, einmal ge\u00f6ffnet und einmal geschlossen.\"\n                                 loading=\"lazy\">\n                            <div class=\"card-content\">\n                                <h3>Sicurezza dei bambini<\/h3>\n                                <p>Particolare attenzione \u00e8 dedicata alla sicurezza dei bambini durante il funzionamento. Soluzioni senza corde o catene allentate, nonch\u00e9 componenti di sicurezza specifici, garantiscono l&#039;assenza di rischi di lesioni per i bambini.<\/p>\n                            <\/div>\n                        <\/div>\n                    <\/div>\n                            <\/div>\n\n            <div class=\"swiper-button-prev\"><\/div>\n            <div class=\"swiper-button-next\"><\/div>\n\n            <div class=\"swiper-pagination\"><\/div>\n\n        <\/div>\n    <\/div>\n    \n\n    <div class=\"location-block\">\n        <div class=\"container-background\">\n            <img data-src=\"https:\/\/sundeco.ch\/wp-content\/uploads\/2025\/04\/SUNDECO-Map-schweiz.webp\" alt=\"Location Background\" class=\"lazyload\">\n        <\/div>\n        <div class=\"location-overlay\">\n            <h2>Schermatura solare Svizzera &#8211; i nostri partner specializzati sono vicini a voi<\/h2>\n            <p>I nostri partner vi servono in tutta la Svizzera. Abbiamo rappresentanti Sundeco nelle seguenti regioni che possono consigliarvi!<\/p>\n        <\/div>\n        <div class=\"location-cta\">\n            <a href=\"https:\/\/sundeco.ch\/standorte\/\">\n                <span class=\"button\">Un partner nel vostro quartiere?<\/span>\n            <\/a>\n        <\/div>\n    <\/div>\n    \n\n                        <div class=\"accordion\">\n                            <h2><\/h2>\n                                                                <div class=\"accordion-item\">\n                                        <input type=\"checkbox\" id=\"accordion-58duv-1\">\n                                        <label for=\"accordion-58duv-1\" class=\"accordion-item-title\"><span\n                                                    class=\"icon\"><\/span>\n                                            Tende veneziane o tende plissettate?                                        <\/label>\n                                        <div class=\"accordion-item-desc\">\n                                            <p>Entrambe le varianti offrono un&#8217;efficace protezione dalla privacy e dal sole, ma si differenziano in termini di funzionalit\u00e0 ed estetica.<\/p>\n<\/p>\n<p>Una veneziana \u00e8 costituita da lamelle regolabili che possono essere utilizzate per indirizzare la luce in modo preciso. Sono particolarmente adatte per aree di lavoro o stanze in cui \u00e8 necessario un controllo flessibile della luce.<\/p>\n<\/p>\n<p>Una <a href=\"https:\/\/sundeco.ch\/it\/prodotti\/plissettatura\/\">tenda a pliss\u00e9<\/a>, invece, colpisce per l&#8217;aspetto morbido del tessuto e la possibilit\u00e0 di posizionarla liberamente nella finestra. Si adattano perfettamente ai soggiorni e creano un&#8217;atmosfera accogliente. La decisione dipende quindi principalmente dall&#8217;aspetto e dalla funzione desiderata nella vita quotidiana.<\/p>\n                                        <\/div>\n                                    <\/div>\n                                                            <\/div>\n                        \n\n\n\n\n\n","protected":false},"excerpt":{"rendered":"","protected":false},"author":1,"featured_media":1858,"parent":2335,"menu_order":0,"comment_status":"closed","ping_status":"closed","template":"templates\/index.php","meta":{"footnotes":""},"class_list":["post-2468","page","type-page","status-publish","has-post-thumbnail","hentry"],"_links":{"self":[{"href":"https:\/\/sundeco.ch\/it\/wp-json\/wp\/v2\/pages\/2468","targetHints":{"allow":["GET"]}}],"collection":[{"href":"https:\/\/sundeco.ch\/it\/wp-json\/wp\/v2\/pages"}],"about":[{"href":"https:\/\/sundeco.ch\/it\/wp-json\/wp\/v2\/types\/page"}],"author":[{"embeddable":true,"href":"https:\/\/sundeco.ch\/it\/wp-json\/wp\/v2\/users\/1"}],"replies":[{"embeddable":true,"href":"https:\/\/sundeco.ch\/it\/wp-json\/wp\/v2\/comments?post=2468"}],"version-history":[{"count":14,"href":"https:\/\/sundeco.ch\/it\/wp-json\/wp\/v2\/pages\/2468\/revisions"}],"predecessor-version":[{"id":4598,"href":"https:\/\/sundeco.ch\/it\/wp-json\/wp\/v2\/pages\/2468\/revisions\/4598"}],"up":[{"embeddable":true,"href":"https:\/\/sundeco.ch\/it\/wp-json\/wp\/v2\/pages\/2335"}],"wp:featuredmedia":[{"embeddable":true,"href":"https:\/\/sundeco.ch\/it\/wp-json\/wp\/v2\/media\/1858"}],"wp:attachment":[{"href":"https:\/\/sundeco.ch\/it\/wp-json\/wp\/v2\/media?parent=2468"}],"curies":[{"name":"wp","href":"https:\/\/api.w.org\/{rel}","templated":true}]}}