{"id":2466,"date":"2025-04-03T09:36:40","date_gmt":"2025-04-03T07:36:40","guid":{"rendered":"https:\/\/staging.sundeco.ch\/prodotti\/store-plisse-alveolaire\/"},"modified":"2025-06-23T09:13:13","modified_gmt":"2025-06-23T07:13:13","slug":"store-plisse-alveolaire","status":"publish","type":"page","link":"https:\/\/sundeco.ch\/it\/prodotti\/store-plisse-alveolaire\/","title":{"rendered":"store pliss\u00e9 alv\u00e9olaire"},"content":{"rendered":"    <!-- HERO HEADLINE BLOCK -->\n    <section class=\"wrapper hero-wrapper\"\n             role=\"region\">\n        <div class=\"hero-headline\">\n            <h1>Tenda Plissettata Aveolare su Misura<\/h1>\n            <p style=\"text-align: centre;\">La luce soffusa incontra il calore elegante Le tende plissettate a nido d&#8217;ape trasformano la vostra casa in un&#8217;oasi di benessere<\/p>\n<p>.<\/p>\n                    <\/div>\n    <\/section>\n    <!-- \/HERO HEADLINE BLOCK -->\n    \n\n                    <div class=\"wrapper\">\n                        <article class=\"grid-2\">\n                                                            <div class=\"article-content\" role=\"article\">\n                                                                            <h2>Pi\u00f9 di una protezione della privacy con una soluzione intelligente e un bel design<\/h2>\n                                                                                                                <p>Una <strong>tenda plissettata alveolare<\/strong> \u00e8 pi\u00f9 di un semplice elemento decorativo: unisce privacy elegante, protezione solare efficace e risparmio energetico. La sua speciale struttura a nido d&#8217;ape crea delle camere d&#8217;aria isolanti che migliorano sensibilmente il clima interno. Offriamo solo tende plissettate a nido d&#8217;ape su misura, realizzate su misura per le vostre finestre per garantire una vestibilit\u00e0 perfetta e il massimo comfort. Disponibile anche senza foratura: la <em>tenda plissettata alveolare<\/em> senza foratura \u00e8 facile da installare e protegge i telai delle finestre, rendendola ideale per appartamenti in affitto o interni moderni.<\/p>\n                                                                                                        <\/div> <!-- \/.article-content -->\n\n                                <div class=\"article-image\">\n                                    <img data-src=\"https:\/\/sundeco.ch\/wp-content\/uploads\/2025\/04\/erfal_S-Wabenplissees_01.webp\" alt=\"Modern eingerichteter Wohn und Schlafbereich mit blauen Wabenplissees als Sichtschutz an Fenstern und T\u00fcr\" class=\"article-image lazyload\">                                <\/div><!-- \/.article-image -->\n                                                    <\/article><!-- \/.grid-2 -->\n                    <\/div> <!-- \/.wrapper -->\n                                        <div class=\"wrapper\">\n                        <article class=\"grid-2\">\n                                                            <div class=\"article-image\">\n                                    <img data-src=\"https:\/\/sundeco.ch\/wp-content\/uploads\/2025\/04\/erfal_M-Wabenplissees_10.webp\" alt=\"Spielzimmer mit gr\u00fcnen und blauen Faltstoffen an grossen Fenstern als farbenfroher Lichtschutz\" class=\"article-image lazyload\">                                <\/div> <!-- \/.article-image -->\n\n                                <div class=\"article-content\">\n                                                                            <h2>Adatto a stanza e stile<\/h2>\n                                                                                                                <p>Una tenda Plissettata Aveolare \u00e8 la scelta ideale per qualsiasi ambiente, che si tratti di soggiorno, camera da letto, cucina, bagno o ufficio. In soggiorno, la sua eleganza e la sua affidabilit\u00e0 nel garantire la privacy contribuiscono a creare un&#8217;atmosfera accogliente e confortevole. In camera da letto, la struttura che attenua la luce garantisce una piacevole oscurit\u00e0 e privacy, mentre in bagno colpisce per i materiali resistenti all&#8217;umidit\u00e0. In cucina, la tenda plissettata aveolare si distingue per i suoi tessuti facili da pulire e per l&#8217;ottima protezione solare, mentre in ufficio consente di lavorare senza abbagliare grazie alla regolazione ottimale della luce. Grazie all&#8217;ampia gamma di colori, che spazia da tonalit\u00e0 tenui come il bianco, il grigio o il beige a colori vivaci come il blu, il verde o il bordeaux, ogni tenda plissettata a nido d&#8217;ape si adatta perfettamente allo stile abitativo.<\/p>\n                                                                                                        <\/div> <!-- \/.article-content -->\n                                                    <\/article><!-- \/.grid-2 -->\n                    <\/div> <!-- \/.wrapper -->\n                                        <div class=\"wrapper\">\n                        <article class=\"grid-2\">\n                                                            <div class=\"article-content\" role=\"article\">\n                                                                            <h2>La differenza a colpo d&#039;occhio<\/h2>\n                                                                                                                <p>La diff\u00e9rence entre un <a href=\"https:\/\/sundeco.ch\/it\/prodotti\/plissettatura\/\">store pliss\u00e9<\/a> et un store pliss\u00e9 aviaire r\u00e9side dans leur structure et leur fonction. Un <a href=\"https:\/\/sundeco.ch\/it\/prodotti\/plissettatura\/\">store pliss\u00e9<\/a> classique se compose d&#8217;un simple panneau de tissu pli\u00e9 qui peut \u00eatre assembl\u00e9 et s\u00e9par\u00e9 de mani\u00e8re flexible, ce qui est id\u00e9al pour une intimit\u00e9 d\u00e9corative. Les stores pliss\u00e9s aveolare, quant \u00e0 eux, se composent de deux panneaux de tissu qui forment une structure en nid d&#8217;abeille. Ces chambres d&#8217;air font office d&#8217;isolant et, en plus d&#8217;assurer l&#8217;intimit\u00e9, offrent une protection solaire nettement am\u00e9lior\u00e9e, ainsi qu&#8217;une protection contre la chaleur en \u00e9t\u00e9 et le froid en hiver. Les stores pliss\u00e9s en nid d&#8217;abeille sont donc particuli\u00e8rement efficaces sur le plan \u00e9nerg\u00e9tique et conviennent parfaitement aux espaces de vie exigeants en termes de confort et de fonctionnalit\u00e9.<\/p>\n<p>\n                                                                                                        <\/div> <!-- \/.article-content -->\n\n                                <div class=\"article-image\">\n                                    <img data-src=\"https:\/\/sundeco.ch\/wp-content\/uploads\/2025\/04\/erfal_S-Wabenplissees_02.webp\" alt=\"T\u00fcr und Fenster mit blickdichtem blauen Wabenplissee zur Lichtregulierung in einem hellen Raum\" class=\"article-image lazyload\">                                <\/div><!-- \/.article-image -->\n                                                    <\/article><!-- \/.grid-2 -->\n                    <\/div> <!-- \/.wrapper -->\n                    \n\n    <div class=\"list-block\">\n        <div class=\"list-header\">\n            <h2>Vantaggi a colpo d&#039;occhio<\/h2>\n        <\/div>\n        <div class=\"list-grid\">\n            <div>\n                <ul class=\"list-items\">\n                                                                    <li>\n                            <p>Grazie ai sistemi variabili, la protezione solare pu\u00f2 essere adattata in modo ottimale alle dimensioni della finestra e all&#8217;utilizzo previsto.<\/p>\n                        <\/li>\n                                                                    <li>\n                            <p>La combinazione di funzionalit\u00e0 e design rende questo prodotto versatile, dalla casa al posto di lavoro.<\/p>\n                        <\/li>\n                                                                    <li>\n                            <p>Sono disponibili due diverse soluzioni operative.<\/p>\n                        <\/li>\n                                                                    <li>\n                            <p>Grazie ai cordoni interni e alla superficie chiusa, la luce non penetra quasi per niente, il che garantisce un oscuramento particolarmente buono.<\/p>\n                        <\/li>\n                                                                    <li>\n                            <p>La speciale struttura aiuta a trattenere il calore nella stanza o a proteggerla dal calore, favorendo cos\u00ec un clima interno piacevole.<\/p>\n                        <\/li>\n                                    <\/ul>\n            <\/div>\n                            <div>\n                    <ul class=\"list-items\">\n                                                    <li>\n                                <p>L&#8217;installazione \u00e8 compatta e, se necessario, pu\u00f2 essere effettuata senza forare, il che la rende ideale per gli appartamenti in affitto.<\/p>\n                            <\/li>\n                                                    <li>\n                                <p>La posizione della tenda pu\u00f2 essere regolata in modo flessibile e senza una griglia fissa.<\/p>\n                            <\/li>\n                                                    <li>\n                                <p>I materiali utilizzati sono robusti e convincono per la loro lunga durata.<\/p>\n                            <\/li>\n                                                    <li>\n                                <p>Un&#8217;ampia scelta di colori, motivi e trasparenze consente di personalizzare ogni ambiente.<\/p>\n                            <\/li>\n                                            <\/ul>\n                <\/div>\n                    <\/div>\n    <\/div>\n    \n\n                <div\n                        class=\"spacer-block\"\n                        style=\"height: 5rem;\"\n                        aria-hidden=\"true\"\n                >\n                <\/div>\n                \n\n    <!-- Header Block -->\n    <div class=\"wrapper header-block\">\n                    <h2>Funzionamento delle tende aveolanti plissettate<\/h2>\n                <\/div>\n    <!-- \/Header Block -->\n    \n\n\n    <!-- PARAGRAPH BLOCK -->\n    <div class=\"paragraph-wrapper paragraph-block\">\n        <p>L&#8217;azionamento di una tenda plissettata a nido d&#8217;ape \u00e8 flessibile e adattabile a qualsiasi situazione abitativa. Che sia con maniglia, corda o catena, o anche elettricamente, ogni metodo consente una regolazione precisa e continua della tenda plissettata a nido d&#8217;ape all&#8217;altezza desiderata. Ci\u00f2 consente una privacy e una protezione solare completamente personalizzate.<\/p>\n    <\/div>\n    <!-- PARAGRAPH BLOCK -->\n\n    \n\n    <div id=\"swiper-carousel-69e2f4057f6164.72848067\" class=\"swiper-carousel-block\">\n        <div class=\"swiper mySwiper\">\n            <div class=\"swiper-wrapper \">\n                                                        <div class=\"swiper-slide\">\n                        <div class=\"card image-top-card\">\n                            <img decoding=\"async\" src=\"https:\/\/sundeco.ch\/wp-content\/uploads\/2025\/04\/erfal_Wabenplissees_Bedienung_Bedienkette-570x480.webp\"\n                                 alt=\"Kette zur Bedienung eines textilen Sonnenschutzes vor einem Fenster\"\n                                 loading=\"lazy\">\n                            <div class=\"card-content\">\n                                <h3>paranco a catena<\/h3>\n                                <p>Azionare una tenda plissettata aveolare con una catenella \u00e8 molto comodo e semplice. Per aprire o chiudere la tenda con precisione, \u00e8 sufficiente tirare la catenella in modo uniforme. Per abbassare la tenda, tirare la parte anteriore della catenella; per alzarla, utilizzare la parte posteriore. Grazie alla catenella, la tenda plissettata a nido d&#039;ape pu\u00f2 essere regolata in modo continuo all&#039;altezza desiderata, il che la rende ideale per la regolazione individuale dell&#039;illuminazione e della privacy. Questo meccanismo intuitivo la rende una soluzione pratica ed elegante per qualsiasi spazio abitativo.<\/p>\n                            <\/div>\n                        <\/div>\n                    <\/div>\n                                                        <div class=\"swiper-slide\">\n                        <div class=\"card image-top-card\">\n                            <img decoding=\"async\" src=\"https:\/\/sundeco.ch\/wp-content\/uploads\/2025\/04\/erfal_Wabenplissees_Bedienung_Schnurzug-570x480.webp\"\n                                 alt=\"Schnurgriff zur Steuerung eines Fensterbehangs\"\n                                 loading=\"lazy\">\n                            <div class=\"card-content\">\n                                <h3>tirare la corda<\/h3>\n                                <p>L&#039;utilizzo di una tenda plissettata a nido d&#039;ape con cordino \u00e8 particolarmente semplice e intuitivo. Per regolare l&#039;altezza desiderata, tirare il cordino verso il basso con un movimento fluido. Per aprire, guidare il cordino leggermente in diagonale verso l&#039;esterno e lasciarlo scorrere tra le dita in modo controllato; in questo modo la tenda plissettata a nido d&#039;ape si sollever\u00e0 delicatamente. Il preciso meccanismo di tiraggio del cordino consente una regolazione continua e garantisce la massima facilit\u00e0 d&#039;uso. Questa pratica caratteristica rende la tenda plissettata a nido d&#039;ape la soluzione perfetta per una protezione flessibile dalla luce e dalla privacy.<\/p>\n                            <\/div>\n                        <\/div>\n                    <\/div>\n                                                        <div class=\"swiper-slide\">\n                        <div class=\"card image-top-card\">\n                            <img decoding=\"async\" src=\"https:\/\/sundeco.ch\/wp-content\/uploads\/2025\/04\/erfal_Wabenplissees_Bedienung_Bediengriff_Bedienstab-570x480.webp\"\n                                 alt=\"\"\n                                 loading=\"lazy\">\n                            <div class=\"card-content\">\n                                <h3>Maniglia di comando<\/h3>\n                                <p>Una tenda plissettata aveolare con maniglia di azionamento offre un funzionamento semplice e diretto. Tirando o spingendo delicatamente la maniglia, la tenda plissettata a nido d&#039;ape pu\u00f2 essere regolata manualmente e in modo continuo, senza l&#039;utilizzo di alcun meccanismo aggiuntivo. Questo tipo di azionamento \u00e8 ideale per finestre facilmente accessibili e consente di regolare rapidamente la privacy e l&#039;esposizione alla luce solare.<\/p>\n                            <\/div>\n                        <\/div>\n                    <\/div>\n                                                        <div class=\"swiper-slide\">\n                        <div class=\"card image-top-card\">\n                            <img decoding=\"async\" src=\"https:\/\/sundeco.ch\/wp-content\/uploads\/2025\/04\/erfal_eACCU-Doppelrollo-Connector-App-680x480.webp\"\n                                 alt=\"Ein heller Wohnraum mit gem\u00fctlicher Sitzecke, Blick in den Garten und einer Hand mit Smartphone im Vordergrund.\"\n                                 loading=\"lazy\">\n                            <div class=\"card-content\">\n                                <h3>Elettrico<\/h3>\n                                <p>Una tenda plissettata aveolare elettrica offre il massimo comfort e tecnologia moderna. Grazie al motore integrato, la tenda plissettata elettroidraulica pu\u00f2 essere regolata con facilit\u00e0 e senza sforzo nella posizione desiderata, tramite la semplice pressione di un pulsante o tramite telecomando. Il motore integrato garantisce una regolazione precisa e continua, ideale per finestre difficili da raggiungere o per integrare sistemi domotici.<\/p>\n                            <\/div>\n                        <\/div>\n                    <\/div>\n                            <\/div>\n\n            <div class=\"swiper-button-prev\"><\/div>\n            <div class=\"swiper-button-next\"><\/div>\n\n            <div class=\"swiper-pagination\"><\/div>\n\n        <\/div>\n    <\/div>\n    \n\n                <div\n                        class=\"spacer-block\"\n                        style=\"height: 5rem;\"\n                        aria-hidden=\"true\"\n                >\n                <\/div>\n                \n\n    <!-- Header Block -->\n    <div class=\"wrapper header-block\">\n                    <h2>Varie opzioni di montaggio<\/h2>\n                <\/div>\n    <!-- \/Header Block -->\n    \n\n\n    <!-- PARAGRAPH BLOCK -->\n    <div class=\"paragraph-wrapper paragraph-block\">\n        <p>Le tende plissettate a nido d&#8217;ape offrono una soluzione versatile e moderna per quasi tutte le finestre. Che siano sospese liberamente o in tensione, grazie alle diverse opzioni di installazione, possono essere adattate individualmente a qualsiasi situazione abitativa.<\/p>\n    <\/div>\n    <!-- PARAGRAPH BLOCK -->\n\n    \n\n    <div id=\"swiper-carousel-69e2f4058235a8.74483756\" class=\"swiper-carousel-block\">\n        <div class=\"swiper mySwiper\">\n            <div class=\"swiper-wrapper \">\n                                                        <div class=\"swiper-slide\">\n                        <div class=\"card image-top-card\">\n                            <img decoding=\"async\" src=\"https:\/\/sundeco.ch\/wp-content\/uploads\/2025\/04\/01-Spannschuh-680x480.webp\"\n                                 alt=\"Nahaufnahme eines weissen Fensterrahmens mit seitlich montierter Halterung f\u00fcr ein Spannseil\"\n                                 loading=\"lazy\">\n                            <div class=\"card-content\">\n                                <h3>scarpa di serraggio<\/h3>\n                                <p>Il morsetto per plissettatura aveolare per il fissaggio al fermavetro offre una soluzione flessibile e pratica per l&#039;installazione, sia senza foratura che con viti tradizionali. Questo versatile metodo di installazione consente di fissare la plissettatura a nido d&#039;ape in modo preciso e sicuro direttamente al telaio della finestra ed \u00e8 ideale per finestre in PVC, legno o alluminio.<\/p>\n                            <\/div>\n                        <\/div>\n                    <\/div>\n                                                        <div class=\"swiper-slide\">\n                        <div class=\"card image-top-card\">\n                            <img decoding=\"async\" src=\"https:\/\/sundeco.ch\/wp-content\/uploads\/2025\/04\/08-Klebeprofil-VS-2-Slide-680x480.webp\"\n                                 alt=\"Weisse flache Halterung mit seitlich gespanntem Seil direkt auf den Fensterrahmen geklebt\"\n                                 loading=\"lazy\">\n                            <div class=\"card-content\">\n                                <h3>Profilo adesivo VS 2 Slide<\/h3>\n                                <p>I profili adesivi VS 2 Slide e VS 2 Slide Comfort offrono una soluzione innovativa e completamente senza fori per il fissaggio di tende plissettate a nido d&#039;ape direttamente al telaio della finestra, ideale per immobili in affitto o superfici delicate. Il modello VS 2 Slide \u00e8 dotato di guide laterali che garantiscono una maggiore stabilit\u00e0, mentre la tenda plissettata a nido d&#039;ape pu\u00f2 essere regolata in modo flessibile sia in alto che in basso. La versione VS 2 Slide Comfort si distingue anche per la sua particolare planarit\u00e0 ed eleganza e per la sua maggiore praticit\u00e0 d&#039;uso, grazie alle maniglie ottimizzate. Entrambi i modelli sono la scelta perfetta per tende plissettate a nido d&#039;ape su misura senza fori.<\/p>\n                            <\/div>\n                        <\/div>\n                    <\/div>\n                                                        <div class=\"swiper-slide\">\n                        <div class=\"card image-top-card\">\n                            <img decoding=\"async\" src=\"https:\/\/sundeco.ch\/wp-content\/uploads\/2025\/04\/02-Glasleistenwinkel-680x480.webp\"\n                                 alt=\"Detailansicht eines weissen Fensterrahmens mit seitlich befestigtem Winkel zur Seilspannung\"\n                                 loading=\"lazy\">\n                            <div class=\"card-content\">\n                                <h3>Angolo della striscia di vetro<\/h3>\n                                <p>Le staffe per fermavetro sono una soluzione stabile e pratica per l&#039;installazione di veneziane a pliss\u00e9 avvolte, in particolare per finestre con fermavetro stretti o angolati. Le staffe vengono avvitate direttamente al telaio della finestra e forniscono una base affidabile per il fissaggio della veneziana plissettata a nido d&#039;ape all&#039;esterno del fermavetro.<\/p>\n                            <\/div>\n                        <\/div>\n                    <\/div>\n                                                        <div class=\"swiper-slide\">\n                        <div class=\"card image-top-card\">\n                            <img decoding=\"async\" src=\"https:\/\/sundeco.ch\/wp-content\/uploads\/2025\/04\/03-Klemmtraeger-680x480.webp\"\n                                 alt=\"Weisse Spannvorrichtung mit Seilzug an einem Fensterfl\u00fcgel montiert ohne Schrauben\"\n                                 loading=\"lazy\">\n                            <div class=\"card-content\">\n                                <h3>porta morsetto<\/h3>\n                                <p>Le staffe a morsetto per tende plissettate aveolare sono la soluzione ideale per un&#039;installazione senza forare il telaio. Le pratiche staffe si fissano semplicemente all&#039;anta della finestra senza bisogno di attrezzi e senza danneggiare il telaio.<\/p>\n                            <\/div>\n                        <\/div>\n                    <\/div>\n                                                        <div class=\"swiper-slide\">\n                        <div class=\"card image-top-card\">\n                            <img decoding=\"async\" src=\"https:\/\/sundeco.ch\/wp-content\/uploads\/2025\/04\/04-Klemmtraeger-Slim-680x480.webp\"\n                                 alt=\"Schmale weisse Halterung mit gespanntem Seil an einem Fensterrahmen montiert\"\n                                 loading=\"lazy\">\n                            <div class=\"card-content\">\n                                <h3>Supporto per morsetto Slim<\/h3>\n                                <p>Le support de serrage Slim pour stores pliss\u00e9s aveolare offre une solution particuli\u00e8rement discr\u00e8te et peu encombrante pour une installation sans per\u00e7age. Sa conception extra-plate en fait la solution id\u00e9ale pour les cadres de fen\u00eatres dont l&#039;espace est tr\u00e8s limit\u00e9 ou pour les joints en caoutchouc \u00e9troits.<\/p>\n                            <\/div>\n                        <\/div>\n                    <\/div>\n                            <\/div>\n\n            <div class=\"swiper-button-prev\"><\/div>\n            <div class=\"swiper-button-next\"><\/div>\n\n            <div class=\"swiper-pagination\"><\/div>\n\n        <\/div>\n    <\/div>\n    \n\n    <div class=\"location-block\">\n        <div class=\"container-background\">\n            <img data-src=\"https:\/\/sundeco.ch\/wp-content\/uploads\/2025\/04\/SUNDECO-Map-schweiz.webp\" alt=\"Location Background\" class=\"lazyload\">\n        <\/div>\n        <div class=\"location-overlay\">\n            <h2>Schermatura solare Svizzera &#8211; i nostri partner specializzati sono vicini a voi<\/h2>\n            <p>I nostri partner vi servono in tutta la Svizzera. Abbiamo rappresentanti Sundeco nelle seguenti regioni che possono consigliarvi!<\/p>\n        <\/div>\n        <div class=\"location-cta\">\n            <a href=\"https:\/\/sundeco.ch\/standorte\/\">\n                <span class=\"button\">Un partner nel vostro quartiere?<\/span>\n            <\/a>\n        <\/div>\n    <\/div>\n    ","protected":false},"excerpt":{"rendered":"","protected":false},"author":1,"featured_media":1837,"parent":2335,"menu_order":0,"comment_status":"closed","ping_status":"closed","template":"templates\/index.php","meta":{"footnotes":""},"class_list":["post-2466","page","type-page","status-publish","has-post-thumbnail","hentry"],"_links":{"self":[{"href":"https:\/\/sundeco.ch\/it\/wp-json\/wp\/v2\/pages\/2466","targetHints":{"allow":["GET"]}}],"collection":[{"href":"https:\/\/sundeco.ch\/it\/wp-json\/wp\/v2\/pages"}],"about":[{"href":"https:\/\/sundeco.ch\/it\/wp-json\/wp\/v2\/types\/page"}],"author":[{"embeddable":true,"href":"https:\/\/sundeco.ch\/it\/wp-json\/wp\/v2\/users\/1"}],"replies":[{"embeddable":true,"href":"https:\/\/sundeco.ch\/it\/wp-json\/wp\/v2\/comments?post=2466"}],"version-history":[{"count":1,"href":"https:\/\/sundeco.ch\/it\/wp-json\/wp\/v2\/pages\/2466\/revisions"}],"predecessor-version":[{"id":2467,"href":"https:\/\/sundeco.ch\/it\/wp-json\/wp\/v2\/pages\/2466\/revisions\/2467"}],"up":[{"embeddable":true,"href":"https:\/\/sundeco.ch\/it\/wp-json\/wp\/v2\/pages\/2335"}],"wp:featuredmedia":[{"embeddable":true,"href":"https:\/\/sundeco.ch\/it\/wp-json\/wp\/v2\/media\/1837"}],"wp:attachment":[{"href":"https:\/\/sundeco.ch\/it\/wp-json\/wp\/v2\/media?parent=2466"}],"curies":[{"name":"wp","href":"https:\/\/api.w.org\/{rel}","templated":true}]}}