{"id":4330,"date":"2025-09-30T10:04:11","date_gmt":"2025-09-30T08:04:11","guid":{"rendered":"https:\/\/sundeco.ch\/produits\/plisse\/easy-frame\/"},"modified":"2025-09-30T15:57:21","modified_gmt":"2025-09-30T13:57:21","slug":"easy-frame","status":"publish","type":"page","link":"https:\/\/sundeco.ch\/fr\/produits\/plisse\/easy-frame\/","title":{"rendered":"Easy Frame"},"content":{"rendered":"    <!-- HERO HEADLINE BLOCK -->\n    <section class=\"wrapper hero-wrapper\"\n             role=\"region\">\n        <div class=\"hero-headline\">\n            <h1>Pliss\u00e9 Easy Frame<\/h1>\n            <p style=\"text-align: center;\">Cadre de protection solaire magn\u00e9tique sans per\u00e7age<\/p>\n                    <\/div>\n    <\/section>\n    <!-- \/HERO HEADLINE BLOCK -->\n    \n\n                    <div class=\"wrapper\">\n                        <article class=\"grid-2\">\n                                                            <div class=\"article-content\" role=\"article\">\n                                                                            <h2>Qu&#039;est-ce qu&#039;un Easy Frame ?<\/h2>\n                                                                                                                <p>Easy Frame est un cadre pare-soleil innovant qui se fixe directement \u00e0 la fen\u00eatre \u00e0 l&rsquo;aide d&rsquo;aimants puissants, sans per\u00e7age ni vis. Il est fabriqu\u00e9 sur mesure et s&rsquo;adapte ainsi parfaitement \u00e0 chaque fen\u00eatre. Le cadre maintient le tissu de protection solaire choisi, tel qu&rsquo;un store pliss\u00e9, en place et peut \u00eatre retir\u00e9 \u00e0 tout moment sans laisser de traces. L&rsquo;Easy Frame est donc la solution id\u00e9ale pour les appartements en location, les bureaux ou tous ceux qui recherchent une alternative flexible et sans dommage aux syst\u00e8mes de protection solaire conventionnels tels que les stores pliss\u00e9s fixes.   <\/p>\n                                                                                                        <\/div> <!-- \/.article-content -->\n\n                                <div class=\"article-image\">\n                                    <img data-src=\"https:\/\/sundeco.ch\/wp-content\/uploads\/2025\/09\/Easy-Frame-Schwarz.webp\" alt=\"\" class=\"article-image lazyload\">                                <\/div><!-- \/.article-image -->\n                                                    <\/article><!-- \/.grid-2 -->\n                    <\/div> <!-- \/.wrapper -->\n                                        <div class=\"wrapper\">\n                        <article class=\"grid-2\">\n                                                            <div class=\"article-image\">\n                                    <img data-src=\"https:\/\/sundeco.ch\/wp-content\/uploads\/2025\/09\/Easy-Frame-grau.webp\" alt=\"Hand setzt einen grauen Fensterrahmen mit Jalousie in ein gekipptes Fenster ein.\" class=\"article-image lazyload\">                                <\/div> <!-- \/.article-image -->\n\n                                <div class=\"article-content\">\n                                                                            <h2>O\u00f9 peut-on utiliser l&#039;Easy Frame ?<\/h2>\n                                                                                                                <p>L&rsquo;Easy Frame convient \u00e0 presque toutes les pi\u00e8ces et tous les types de fen\u00eatres. Que ce soit dans le salon, la chambre \u00e0 coucher, la chambre d&rsquo;enfant ou le bureau \u00e0 domicile, il garantit un climat ambiant agr\u00e9able et prot\u00e8ge efficacement contre l&rsquo;\u00e9blouissement du soleil. Il offre \u00e9galement une solution simple dans les appartements en location, o\u00f9 il est souvent interdit de percer des trous. Gr\u00e2ce \u00e0 diff\u00e9rents types de tissus, allant de translucides \u00e0 occultants, l&rsquo;Easy Frame s&rsquo;adapte de mani\u00e8re flexible aux besoins individuels. Il cr\u00e9e ainsi le m\u00e9lange parfait entre confort, protection et design dans n&rsquo;importe quel environnement.    <\/p>\n                                                                                                        <\/div> <!-- \/.article-content -->\n                                                    <\/article><!-- \/.grid-2 -->\n                    <\/div> <!-- \/.wrapper -->\n                    \n\n    <div class=\"list-block\">\n        <div class=\"list-header\">\n            <h2>5 avantages d&#039;Easy Frame pour une protection visuelle \u00e9l\u00e9gante et fonctionnelle<\/h2>\n        <\/div>\n        <div class=\"list-grid\">\n            <div>\n                <ul class=\"list-items\">\n                                                                    <li>\n                            <p><strong>Montage sans outils<\/strong> &#8211; L&rsquo;Easy Frame se fixe simplement \u00e0 la fen\u00eatre \u00e0 l&rsquo;aide d&rsquo;aimants, sans per\u00e7age, vissage ni collage.<\/p>\n                        <\/li>\n                                                                    <li>\n                            <p><strong>D\u00e9montage sans laisser de traces <\/strong>&#8211; Id\u00e9al pour les logements en location : le cadre peut \u00eatre retir\u00e9 \u00e0 tout moment sans laisser de traces ni causer de dommages.<\/p>\n                        <\/li>\n                                                                    <li>\n                            <p><strong>Fabrication sur mesure pour chaque fen\u00eatre<\/strong> &#8211; Chaque Easy Frame est fabriqu\u00e9 individuellement selon les dimensions exactes et s&rsquo;adapte ainsi parfaitement.<\/p>\n                        <\/li>\n                                                                    <li>\n                            <p><strong>Choix flexible de tissus<\/strong> &#8211; De translucide \u00e0 opaque en passant par occultant : la protection solaire peut \u00eatre con\u00e7ue selon vos besoins personnels.<\/p>\n                        <\/li>\n                                                                    <li>\n                            <p><strong>Durable et r\u00e9utilisable<\/strong> &#8211; Des mat\u00e9riaux de haute qualit\u00e9 garantissent stabilit\u00e9 et durabilit\u00e9 ; le cadre peut \u00eatre r\u00e9utilis\u00e9 sans probl\u00e8me en cas de d\u00e9m\u00e9nagement ou de r\u00e9novation.<\/p>\n                        <\/li>\n                                    <\/ul>\n            <\/div>\n                    <\/div>\n    <\/div>\n    \n\n    <!-- TABBED CAROUSEL -->\n\n    <div id=\"tab-carousel-69ebc1ba38c1f1.23755075\" class=\"tab-carousel-container\">\n\n        <ul class=\"tab-navigation\">\n                            <li class=\"tab active\"\n                    data-index=\"0\">Pliss\u00e9<\/li>\n                                <li class=\"tab\"\n                    data-index=\"1\">Pliss\u00e9 alv\u00e9ol\u00e9<\/li>\n                                <li class=\"tab\"\n                    data-index=\"2\">Jalousie<\/li>\n                        <\/ul>\n        <div class=\"swiper mySwiper\">\n            <div class=\"swiper-wrapper\">\n                                    <div class=\"swiper-slide\">\n                        <div class=\"custom-slide\">\n                            <div class=\"slide-content\">\n                                <div class=\"slide-image\">\n                                    <img decoding=\"async\" src=\"https:\/\/sundeco.ch\/wp-content\/uploads\/2025\/09\/Easy-Frame-Plissee.webp\"\n                                         alt=\"Fenster mit dunkelgrauem Rahmen und halb geschlossenem Plissee mit floralem Muster, Ausblick auf gr\u00fcne Landschaft.\"\n                                         loading=\"lazy\">\n                                <\/div><!-- \/.slide-image -->\n                                <div class=\"slide-text\">\n                                    <h3>Pliss\u00e9 Easy Frame<\/h3>\n                                    <p>Le store pliss\u00e9 Easy Frame est la solution polyvalente pour une protection solaire moderne. Les bandes de tissu finement pliss\u00e9es offrent non seulement un aspect \u00e9l\u00e9gant, mais aussi un large choix de couleurs, de motifs et de degr\u00e9s de transparence. Chaque fen\u00eatre peut ainsi \u00eatre personnalis\u00e9e, de mani\u00e8re d\u00e9corative ou fonctionnelle. Gr\u00e2ce \u00e0 son montage magn\u00e9tique simple, le store pliss\u00e9 reste flexible \u00e0 tout moment et peut \u00eatre remplac\u00e9 ou nettoy\u00e9 sans probl\u00e8me.   <\/p>\n                                <\/div> <!-- \/.slide-text -->\n                            <\/div> <!-- \/.slide-content -->\n                        <\/div> <!-- \/.custom-slide -->\n                    <\/div><!-- \/.swiper-slide -->\n                                        <div class=\"swiper-slide\">\n                        <div class=\"custom-slide\">\n                            <div class=\"slide-content\">\n                                <div class=\"slide-image\">\n                                    <img decoding=\"async\" src=\"https:\/\/sundeco.ch\/wp-content\/uploads\/2025\/09\/Easy-Frame-Wabenplissee.webp\"\n                                         alt=\"Elegantes Fenster mit halb geschlossenem Plissee in Wei\u00df, moderne Innenansicht mit Ausblick ins Freie.\"\n                                         loading=\"lazy\">\n                                <\/div><!-- \/.slide-image -->\n                                <div class=\"slide-text\">\n                                    <h3>Store pliss\u00e9 alv\u00e9ol\u00e9 Easy Frame<\/h3>\n                                    <p>Le store pliss\u00e9 alv\u00e9olaire Easy Frame combine la fixation magn\u00e9tique pratique et les avantages \u00e9nerg\u00e9tiques d&#039;une structure alv\u00e9olaire. La forme sp\u00e9ciale des alv\u00e9oles cr\u00e9e un coussin d&#039;air qui prot\u00e8ge de la chaleur en \u00e9t\u00e9 et du froid en hiver. Il offre \u00e9galement une protection optimale contre les regards indiscrets et l&#039;\u00e9blouissement, tout en cr\u00e9ant un climat ambiant agr\u00e9able. Id\u00e9al pour tous ceux qui souhaitent combiner protection solaire et isolation thermique suppl\u00e9mentaire, parfait pour les salons et les chambres \u00e0 coucher.   <\/p>\n                                <\/div> <!-- \/.slide-text -->\n                            <\/div> <!-- \/.slide-content -->\n                        <\/div> <!-- \/.custom-slide -->\n                    <\/div><!-- \/.swiper-slide -->\n                                        <div class=\"swiper-slide\">\n                        <div class=\"custom-slide\">\n                            <div class=\"slide-content\">\n                                <div class=\"slide-image\">\n                                    <img decoding=\"async\" src=\"https:\/\/sundeco.ch\/wp-content\/uploads\/2025\/09\/Easy-Frame-Jalousien.webp\"\n                                         alt=\"\"\n                                         loading=\"lazy\">\n                                <\/div><!-- \/.slide-image -->\n                                <div class=\"slide-text\">\n                                    <h3>Store v\u00e9nitien Easy Frame<\/h3>\n                                    <p>Les stores Easy Frame permettent de contr\u00f4ler la luminosit\u00e9 de mani\u00e8re particuli\u00e8rement flexible. Les lamelles peuvent \u00eatre inclin\u00e9es individuellement, ce qui permet de r\u00e9gler avec pr\u00e9cision la luminosit\u00e9 et l&#039;intimit\u00e9. Gr\u00e2ce au montage magn\u00e9tique sur le cadre, la structure de la fen\u00eatre reste intacte et les stores s&#039;int\u00e8grent discr\u00e8tement dans n&#039;importe quel int\u00e9rieur. Cette variante est particuli\u00e8rement appr\u00e9ci\u00e9e dans les bureaux et les salles de travail, o\u00f9 un contr\u00f4le variable de la lumi\u00e8re est n\u00e9cessaire.   <\/p>\n                                <\/div> <!-- \/.slide-text -->\n                            <\/div> <!-- \/.slide-content -->\n                        <\/div> <!-- \/.custom-slide -->\n                    <\/div><!-- \/.swiper-slide -->\n                                <\/div> <!-- \/.swiper-wrapper -->\n            <div class=\"swiper-button-prev\"><\/div>\n            <div class=\"swiper-button-next\"><\/div>\n        <\/div> <!-- \/.swiper MySwiper -->\n    <\/div> <!-- \/.tab-carousel-container -->\n    <!-- \/TABBED CAROUSEL -->\n    ","protected":false},"excerpt":{"rendered":"","protected":false},"author":1,"featured_media":4294,"parent":2421,"menu_order":0,"comment_status":"closed","ping_status":"closed","template":"templates\/index.php","meta":{"footnotes":""},"class_list":["post-4330","page","type-page","status-publish","has-post-thumbnail","hentry"],"_links":{"self":[{"href":"https:\/\/sundeco.ch\/fr\/wp-json\/wp\/v2\/pages\/4330","targetHints":{"allow":["GET"]}}],"collection":[{"href":"https:\/\/sundeco.ch\/fr\/wp-json\/wp\/v2\/pages"}],"about":[{"href":"https:\/\/sundeco.ch\/fr\/wp-json\/wp\/v2\/types\/page"}],"author":[{"embeddable":true,"href":"https:\/\/sundeco.ch\/fr\/wp-json\/wp\/v2\/users\/1"}],"replies":[{"embeddable":true,"href":"https:\/\/sundeco.ch\/fr\/wp-json\/wp\/v2\/comments?post=4330"}],"version-history":[{"count":1,"href":"https:\/\/sundeco.ch\/fr\/wp-json\/wp\/v2\/pages\/4330\/revisions"}],"predecessor-version":[{"id":4331,"href":"https:\/\/sundeco.ch\/fr\/wp-json\/wp\/v2\/pages\/4330\/revisions\/4331"}],"up":[{"embeddable":true,"href":"https:\/\/sundeco.ch\/fr\/wp-json\/wp\/v2\/pages\/2421"}],"wp:featuredmedia":[{"embeddable":true,"href":"https:\/\/sundeco.ch\/fr\/wp-json\/wp\/v2\/media\/4294"}],"wp:attachment":[{"href":"https:\/\/sundeco.ch\/fr\/wp-json\/wp\/v2\/media?parent=4330"}],"curies":[{"name":"wp","href":"https:\/\/api.w.org\/{rel}","templated":true}]}}