{"id":3375,"date":"2025-04-16T11:18:08","date_gmt":"2025-04-16T09:18:08","guid":{"rendered":"https:\/\/staging.sundeco.ch\/livre\/"},"modified":"2025-11-07T09:58:14","modified_gmt":"2025-11-07T08:58:14","slug":"livre","status":"publish","type":"page","link":"https:\/\/sundeco.ch\/fr\/livre\/","title":{"rendered":"Livre"},"content":{"rendered":"    <!-- HERO HEADLINE BLOCK -->\n    <section class=\"wrapper hero-wrapper\"\n             role=\"region\">\n        <div class=\"hero-headline\">\n            <h1>Conseil et pose de protection solaire \u00e0 Buchs<\/h1>\n            <p style=\"text-align: center;\">\u00c0 <a href=\"https:\/\/www.buchs-sg.ch\/\" target=\"_blank\" rel=\"noopener\">Buchs<\/a> et dans tout le canton de Saint-Gall, nous sommes \u00e0 vos c\u00f4t\u00e9s pour vous offrir un service personnalis\u00e9 en mati\u00e8re de protection solaire. Du conseil personnalis\u00e9 \u00e0 la mesure pr\u00e9cise, en passant par l&rsquo;installation professionnelle, r\u00e9alis\u00e9e par nos partenaires exp\u00e9riment\u00e9s sur place.<\/p>\n                            <div class=\"cta-wrap\">\n                    <a href=\"https:\/\/sundeco.ch\/offertenanfrage\/\" aria-label=\"\"><span\n                                class=\"button\">R\u00e9servez une consultation gratuite<\/span><\/a>\n                <\/div>\n                        <\/div>\n    <\/section>\n    <!-- \/HERO HEADLINE BLOCK -->\n    ","protected":false},"excerpt":{"rendered":"","protected":false},"author":1,"featured_media":2001,"parent":0,"menu_order":0,"comment_status":"closed","ping_status":"closed","template":"templates\/index.php","meta":{"footnotes":""},"class_list":["post-3375","page","type-page","status-publish","has-post-thumbnail","hentry"],"_links":{"self":[{"href":"https:\/\/sundeco.ch\/fr\/wp-json\/wp\/v2\/pages\/3375","targetHints":{"allow":["GET"]}}],"collection":[{"href":"https:\/\/sundeco.ch\/fr\/wp-json\/wp\/v2\/pages"}],"about":[{"href":"https:\/\/sundeco.ch\/fr\/wp-json\/wp\/v2\/types\/page"}],"author":[{"embeddable":true,"href":"https:\/\/sundeco.ch\/fr\/wp-json\/wp\/v2\/users\/1"}],"replies":[{"embeddable":true,"href":"https:\/\/sundeco.ch\/fr\/wp-json\/wp\/v2\/comments?post=3375"}],"version-history":[{"count":6,"href":"https:\/\/sundeco.ch\/fr\/wp-json\/wp\/v2\/pages\/3375\/revisions"}],"predecessor-version":[{"id":4687,"href":"https:\/\/sundeco.ch\/fr\/wp-json\/wp\/v2\/pages\/3375\/revisions\/4687"}],"wp:featuredmedia":[{"embeddable":true,"href":"https:\/\/sundeco.ch\/fr\/wp-json\/wp\/v2\/media\/2001"}],"wp:attachment":[{"href":"https:\/\/sundeco.ch\/fr\/wp-json\/wp\/v2\/media?parent=3375"}],"curies":[{"name":"wp","href":"https:\/\/api.w.org\/{rel}","templated":true}]}}