{"id":3310,"date":"2025-04-16T11:49:30","date_gmt":"2025-04-16T09:49:30","guid":{"rendered":"https:\/\/staging.sundeco.ch\/einsiedeln\/"},"modified":"2025-10-30T09:47:54","modified_gmt":"2025-10-30T08:47:54","slug":"einsiedeln","status":"publish","type":"page","link":"https:\/\/sundeco.ch\/fr\/einsiedeln\/","title":{"rendered":"Einsiedeln"},"content":{"rendered":"    <!-- HERO HEADLINE BLOCK -->\n    <section class=\"wrapper hero-wrapper\"\n             role=\"region\">\n        <div class=\"hero-headline\">\n            <h1>Conseils et installation de protection solaire \u00e0 Einsiedeln<\/h1>\n            <p style=\"text-align: center;\">\u00c0 <a href=\"https:\/\/www.einsiedeln.ch\/\" rel=\"nofollow noopener\" target=\"_blank\">Einsiedeln<\/a> et dans tout le canton de Schwytz, nous vous proposons un service personnalis\u00e9 pour tous vos besoins en mati\u00e8re de protection solaire. Des conseils personnalis\u00e9s et des mesures pr\u00e9cises \u00e0 l&rsquo;installation professionnelle, r\u00e9alis\u00e9e par nos partenaires locaux exp\u00e9riment\u00e9s. <\/p>\n                            <div class=\"cta-wrap\">\n                    <a href=\"https:\/\/sundeco.ch\/offertenanfrage\/\" aria-label=\"\"><span\n                                class=\"button\">R\u00e9servez une consultation gratuite<\/span><\/a>\n                <\/div>\n                        <\/div>\n    <\/section>\n    <!-- \/HERO HEADLINE BLOCK -->\n    ","protected":false},"excerpt":{"rendered":"","protected":false},"author":1,"featured_media":2001,"parent":0,"menu_order":0,"comment_status":"closed","ping_status":"closed","template":"templates\/index.php","meta":{"footnotes":""},"class_list":["post-3310","page","type-page","status-publish","has-post-thumbnail","hentry"],"_links":{"self":[{"href":"https:\/\/sundeco.ch\/fr\/wp-json\/wp\/v2\/pages\/3310","targetHints":{"allow":["GET"]}}],"collection":[{"href":"https:\/\/sundeco.ch\/fr\/wp-json\/wp\/v2\/pages"}],"about":[{"href":"https:\/\/sundeco.ch\/fr\/wp-json\/wp\/v2\/types\/page"}],"author":[{"embeddable":true,"href":"https:\/\/sundeco.ch\/fr\/wp-json\/wp\/v2\/users\/1"}],"replies":[{"embeddable":true,"href":"https:\/\/sundeco.ch\/fr\/wp-json\/wp\/v2\/comments?post=3310"}],"version-history":[{"count":2,"href":"https:\/\/sundeco.ch\/fr\/wp-json\/wp\/v2\/pages\/3310\/revisions"}],"predecessor-version":[{"id":4633,"href":"https:\/\/sundeco.ch\/fr\/wp-json\/wp\/v2\/pages\/3310\/revisions\/4633"}],"wp:featuredmedia":[{"embeddable":true,"href":"https:\/\/sundeco.ch\/fr\/wp-json\/wp\/v2\/media\/2001"}],"wp:attachment":[{"href":"https:\/\/sundeco.ch\/fr\/wp-json\/wp\/v2\/media?parent=3310"}],"curies":[{"name":"wp","href":"https:\/\/api.w.org\/{rel}","templated":true}]}}