{"id":3302,"date":"2025-04-16T12:02:31","date_gmt":"2025-04-16T10:02:31","guid":{"rendered":"https:\/\/staging.sundeco.ch\/fribourg\/"},"modified":"2025-06-26T14:00:39","modified_gmt":"2025-06-26T12:00:39","slug":"fribourg","status":"publish","type":"page","link":"https:\/\/sundeco.ch\/fr\/fribourg\/","title":{"rendered":"Fribourg"},"content":{"rendered":"    <!-- HERO HEADLINE BLOCK -->\n    <section class=\"wrapper hero-wrapper\"\n             role=\"region\">\n        <div class=\"hero-headline\">\n            <h1>Conseils et installation de protection solaire \u00e0 Fribourg<\/h1>\n            <p style=\"text-align: center;\">Dans tout le canton de <a href=\"https:\/\/www.ville-fribourg.ch\/de\" target=\"_blank\" rel=\"noopener\">Fribourg,<\/a> nous offrons un service personnalis\u00e9 pour tous vos besoins en mati\u00e8re de protection solaire. Des consultations personnalis\u00e9es et des mesures pr\u00e9cises \u00e0 l&rsquo;installation professionnelle, r\u00e9alis\u00e9e par nos partenaires locaux exp\u00e9riment\u00e9s. <\/p>\n                            <div class=\"cta-wrap\">\n                    <a href=\"https:\/\/sundeco.ch\/offertenanfrage\/\" aria-label=\"\"><span\n                                class=\"button\">R\u00e9servez une consultation gratuite<\/span><\/a>\n                <\/div>\n                        <\/div>\n    <\/section>\n    <!-- \/HERO HEADLINE BLOCK -->\n    ","protected":false},"excerpt":{"rendered":"","protected":false},"author":1,"featured_media":2001,"parent":0,"menu_order":0,"comment_status":"closed","ping_status":"closed","template":"templates\/index.php","meta":{"footnotes":""},"class_list":["post-3302","page","type-page","status-publish","has-post-thumbnail","hentry"],"_links":{"self":[{"href":"https:\/\/sundeco.ch\/fr\/wp-json\/wp\/v2\/pages\/3302","targetHints":{"allow":["GET"]}}],"collection":[{"href":"https:\/\/sundeco.ch\/fr\/wp-json\/wp\/v2\/pages"}],"about":[{"href":"https:\/\/sundeco.ch\/fr\/wp-json\/wp\/v2\/types\/page"}],"author":[{"embeddable":true,"href":"https:\/\/sundeco.ch\/fr\/wp-json\/wp\/v2\/users\/1"}],"replies":[{"embeddable":true,"href":"https:\/\/sundeco.ch\/fr\/wp-json\/wp\/v2\/comments?post=3302"}],"version-history":[{"count":1,"href":"https:\/\/sundeco.ch\/fr\/wp-json\/wp\/v2\/pages\/3302\/revisions"}],"predecessor-version":[{"id":3303,"href":"https:\/\/sundeco.ch\/fr\/wp-json\/wp\/v2\/pages\/3302\/revisions\/3303"}],"wp:featuredmedia":[{"embeddable":true,"href":"https:\/\/sundeco.ch\/fr\/wp-json\/wp\/v2\/media\/2001"}],"wp:attachment":[{"href":"https:\/\/sundeco.ch\/fr\/wp-json\/wp\/v2\/media?parent=3302"}],"curies":[{"name":"wp","href":"https:\/\/api.w.org\/{rel}","templated":true}]}}