{"id":3256,"date":"2025-04-16T14:46:52","date_gmt":"2025-04-16T12:46:52","guid":{"rendered":"https:\/\/staging.sundeco.ch\/comment\/"},"modified":"2025-07-08T14:48:02","modified_gmt":"2025-07-08T12:48:02","slug":"comment","status":"publish","type":"page","link":"https:\/\/sundeco.ch\/fr\/comment\/","title":{"rendered":"Horw"},"content":{"rendered":"    <!-- HERO HEADLINE BLOCK -->\n    <section class=\"wrapper hero-wrapper\"\n             role=\"region\">\n        <div class=\"hero-headline\">\n            <h1>Protection solaire Conseil et installation \u00e0 Horw<\/h1>\n            <p style=\"text-align: center;\">\u00c0 <a href=\"https:\/\/www.horw.ch\/\" target=\"_blank\" rel=\"noopener\">Horw<\/a> et dans tout le canton de Lucerne, nous sommes \u00e0 vos c\u00f4t\u00e9s pour vous offrir un service personnalis\u00e9 en mati\u00e8re de protection solaire. Du conseil individuel \u00e0 la mesure pr\u00e9cise, jusqu&rsquo;\u00e0 l&rsquo;installation professionnelle, r\u00e9alis\u00e9e sur place par nos partenaires exp\u00e9riment\u00e9s. <\/p>\n                            <div class=\"cta-wrap\">\n                    <a href=\"https:\/\/sundeco.ch\/offertenanfrage\/\" aria-label=\"\"><span\n                                class=\"button\">R\u00e9servez une consultation gratuite<\/span><\/a>\n                <\/div>\n                        <\/div>\n    <\/section>\n    <!-- \/HERO HEADLINE BLOCK -->\n    ","protected":false},"excerpt":{"rendered":"","protected":false},"author":1,"featured_media":2001,"parent":0,"menu_order":0,"comment_status":"closed","ping_status":"closed","template":"templates\/index.php","meta":{"footnotes":""},"class_list":["post-3256","page","type-page","status-publish","has-post-thumbnail","hentry"],"_links":{"self":[{"href":"https:\/\/sundeco.ch\/fr\/wp-json\/wp\/v2\/pages\/3256","targetHints":{"allow":["GET"]}}],"collection":[{"href":"https:\/\/sundeco.ch\/fr\/wp-json\/wp\/v2\/pages"}],"about":[{"href":"https:\/\/sundeco.ch\/fr\/wp-json\/wp\/v2\/types\/page"}],"author":[{"embeddable":true,"href":"https:\/\/sundeco.ch\/fr\/wp-json\/wp\/v2\/users\/1"}],"replies":[{"embeddable":true,"href":"https:\/\/sundeco.ch\/fr\/wp-json\/wp\/v2\/comments?post=3256"}],"version-history":[{"count":7,"href":"https:\/\/sundeco.ch\/fr\/wp-json\/wp\/v2\/pages\/3256\/revisions"}],"predecessor-version":[{"id":3558,"href":"https:\/\/sundeco.ch\/fr\/wp-json\/wp\/v2\/pages\/3256\/revisions\/3558"}],"wp:featuredmedia":[{"embeddable":true,"href":"https:\/\/sundeco.ch\/fr\/wp-json\/wp\/v2\/media\/2001"}],"wp:attachment":[{"href":"https:\/\/sundeco.ch\/fr\/wp-json\/wp\/v2\/media?parent=3256"}],"curies":[{"name":"wp","href":"https:\/\/api.w.org\/{rel}","templated":true}]}}