{"id":3252,"date":"2025-04-16T14:19:31","date_gmt":"2025-04-16T12:19:31","guid":{"rendered":"https:\/\/staging.sundeco.ch\/horgen\/"},"modified":"2025-10-30T09:33:37","modified_gmt":"2025-10-30T08:33:37","slug":"horgen","status":"publish","type":"page","link":"https:\/\/sundeco.ch\/fr\/horgen\/","title":{"rendered":"Horgen"},"content":{"rendered":"    <!-- HERO HEADLINE BLOCK -->\n    <section class=\"wrapper hero-wrapper\"\n             role=\"region\">\n        <div class=\"hero-headline\">\n            <h1>Conseils et installation de protection solaire \u00e0 Horgen<\/h1>\n            <p style=\"text-align: center;\">\u00c0 <a href=\"https:\/\/www.horgen.ch\/\" rel=\"nofollow noopener\" target=\"_blank\">Horgen<\/a> et dans tout le canton de Zurich, nous proposons un service personnalis\u00e9 pour tous vos besoins en mati\u00e8re de protection solaire. Du conseil personnalis\u00e9 et des mesures pr\u00e9cises \u00e0 l&rsquo;installation professionnelle, r\u00e9alis\u00e9e par nos partenaires locaux exp\u00e9riment\u00e9s. <\/p>\n                    <\/div>\n    <\/section>\n    <!-- \/HERO HEADLINE BLOCK -->\n    ","protected":false},"excerpt":{"rendered":"","protected":false},"author":1,"featured_media":2001,"parent":0,"menu_order":0,"comment_status":"closed","ping_status":"closed","template":"templates\/index.php","meta":{"footnotes":""},"class_list":["post-3252","page","type-page","status-publish","has-post-thumbnail","hentry"],"_links":{"self":[{"href":"https:\/\/sundeco.ch\/fr\/wp-json\/wp\/v2\/pages\/3252","targetHints":{"allow":["GET"]}}],"collection":[{"href":"https:\/\/sundeco.ch\/fr\/wp-json\/wp\/v2\/pages"}],"about":[{"href":"https:\/\/sundeco.ch\/fr\/wp-json\/wp\/v2\/types\/page"}],"author":[{"embeddable":true,"href":"https:\/\/sundeco.ch\/fr\/wp-json\/wp\/v2\/users\/1"}],"replies":[{"embeddable":true,"href":"https:\/\/sundeco.ch\/fr\/wp-json\/wp\/v2\/comments?post=3252"}],"version-history":[{"count":2,"href":"https:\/\/sundeco.ch\/fr\/wp-json\/wp\/v2\/pages\/3252\/revisions"}],"predecessor-version":[{"id":4612,"href":"https:\/\/sundeco.ch\/fr\/wp-json\/wp\/v2\/pages\/3252\/revisions\/4612"}],"wp:featuredmedia":[{"embeddable":true,"href":"https:\/\/sundeco.ch\/fr\/wp-json\/wp\/v2\/media\/2001"}],"wp:attachment":[{"href":"https:\/\/sundeco.ch\/fr\/wp-json\/wp\/v2\/media?parent=3252"}],"curies":[{"name":"wp","href":"https:\/\/api.w.org\/{rel}","templated":true}]}}