{"id":3183,"date":"2025-04-17T08:39:37","date_gmt":"2025-04-17T06:39:37","guid":{"rendered":"https:\/\/staging.sundeco.ch\/langenthal\/"},"modified":"2025-10-30T09:57:47","modified_gmt":"2025-10-30T08:57:47","slug":"langenthal","status":"publish","type":"page","link":"https:\/\/sundeco.ch\/fr\/langenthal\/","title":{"rendered":"Langenthal"},"content":{"rendered":"    <!-- HERO HEADLINE BLOCK -->\n    <section class=\"wrapper hero-wrapper\"\n             role=\"region\">\n        <div class=\"hero-headline\">\n            <h1>Conseil et installation de protection solaire \u00e0 Langenthal<\/h1>\n            <p style=\"text-align: center;\">\u00c0 <a href=\"https:\/\/www.langenthal.ch\/\" target=\"_blank\" rel=\"noopener\">Langenthal<\/a> et dans tout le canton de Berne, nous sommes \u00e0 vos c\u00f4t\u00e9s pour vous offrir un service personnalis\u00e9 en mati\u00e8re de protection solaire. Du conseil personnalis\u00e9 \u00e0 la mesure pr\u00e9cise, en passant par l&rsquo;installation professionnelle, r\u00e9alis\u00e9e par nos partenaires exp\u00e9riment\u00e9s sur place.<\/p>\n                            <div class=\"cta-wrap\">\n                    <a href=\"https:\/\/sundeco.ch\/offertenanfrage\/\" aria-label=\"\"><span\n                                class=\"button\">R\u00e9servez une consultation gratuite<\/span><\/a>\n                <\/div>\n                        <\/div>\n    <\/section>\n    <!-- \/HERO HEADLINE BLOCK -->\n    ","protected":false},"excerpt":{"rendered":"","protected":false},"author":1,"featured_media":2001,"parent":0,"menu_order":0,"comment_status":"closed","ping_status":"closed","template":"templates\/index.php","meta":{"footnotes":""},"class_list":["post-3183","page","type-page","status-publish","has-post-thumbnail","hentry"],"_links":{"self":[{"href":"https:\/\/sundeco.ch\/fr\/wp-json\/wp\/v2\/pages\/3183","targetHints":{"allow":["GET"]}}],"collection":[{"href":"https:\/\/sundeco.ch\/fr\/wp-json\/wp\/v2\/pages"}],"about":[{"href":"https:\/\/sundeco.ch\/fr\/wp-json\/wp\/v2\/types\/page"}],"author":[{"embeddable":true,"href":"https:\/\/sundeco.ch\/fr\/wp-json\/wp\/v2\/users\/1"}],"replies":[{"embeddable":true,"href":"https:\/\/sundeco.ch\/fr\/wp-json\/wp\/v2\/comments?post=3183"}],"version-history":[{"count":3,"href":"https:\/\/sundeco.ch\/fr\/wp-json\/wp\/v2\/pages\/3183\/revisions"}],"predecessor-version":[{"id":4625,"href":"https:\/\/sundeco.ch\/fr\/wp-json\/wp\/v2\/pages\/3183\/revisions\/4625"}],"wp:featuredmedia":[{"embeddable":true,"href":"https:\/\/sundeco.ch\/fr\/wp-json\/wp\/v2\/media\/2001"}],"wp:attachment":[{"href":"https:\/\/sundeco.ch\/fr\/wp-json\/wp\/v2\/media?parent=3183"}],"curies":[{"name":"wp","href":"https:\/\/api.w.org\/{rel}","templated":true}]}}