{"id":3046,"date":"2025-04-22T09:39:13","date_gmt":"2025-04-22T07:39:13","guid":{"rendered":"https:\/\/staging.sundeco.ch\/saint-gall\/"},"modified":"2025-10-30T09:52:01","modified_gmt":"2025-10-30T08:52:01","slug":"saint-gall","status":"publish","type":"page","link":"https:\/\/sundeco.ch\/fr\/saint-gall\/","title":{"rendered":"Saint-Gall"},"content":{"rendered":"    <!-- HERO HEADLINE BLOCK -->\n    <section class=\"wrapper hero-wrapper\"\n             role=\"region\">\n        <div class=\"hero-headline\">\n            <h1>Conseils et installation de protection solaire \u00e0 Saint-Gall  <\/h1>\n            <p style=\"text-align: center;\">Dans tout le canton <a href=\"https:\/\/www.sg.ch\/\" rel=\"nofollow noopener\" target=\"_blank\">de Saint-Gall<\/a>, nous sommes \u00e0 vos c\u00f4t\u00e9s pour vous offrir un service personnalis\u00e9 en mati\u00e8re de protection solaire. Du conseil personnalis\u00e9 \u00e0 la mesure pr\u00e9cise, en passant par l&rsquo;installation professionnelle, r\u00e9alis\u00e9e par nos partenaires exp\u00e9riment\u00e9s sur place.<\/p>\n                            <div class=\"cta-wrap\">\n                    <a href=\"https:\/\/sundeco.ch\/offertenanfrage\/\" aria-label=\"\"><span\n                                class=\"button\">R\u00e9servez une consultation gratuite<\/span><\/a>\n                <\/div>\n                        <\/div>\n    <\/section>\n    <!-- \/HERO HEADLINE BLOCK -->\n    ","protected":false},"excerpt":{"rendered":"","protected":false},"author":1,"featured_media":2001,"parent":0,"menu_order":0,"comment_status":"closed","ping_status":"closed","template":"templates\/index.php","meta":{"footnotes":""},"class_list":["post-3046","page","type-page","status-publish","has-post-thumbnail","hentry"],"_links":{"self":[{"href":"https:\/\/sundeco.ch\/fr\/wp-json\/wp\/v2\/pages\/3046","targetHints":{"allow":["GET"]}}],"collection":[{"href":"https:\/\/sundeco.ch\/fr\/wp-json\/wp\/v2\/pages"}],"about":[{"href":"https:\/\/sundeco.ch\/fr\/wp-json\/wp\/v2\/types\/page"}],"author":[{"embeddable":true,"href":"https:\/\/sundeco.ch\/fr\/wp-json\/wp\/v2\/users\/1"}],"replies":[{"embeddable":true,"href":"https:\/\/sundeco.ch\/fr\/wp-json\/wp\/v2\/comments?post=3046"}],"version-history":[{"count":2,"href":"https:\/\/sundeco.ch\/fr\/wp-json\/wp\/v2\/pages\/3046\/revisions"}],"predecessor-version":[{"id":4634,"href":"https:\/\/sundeco.ch\/fr\/wp-json\/wp\/v2\/pages\/3046\/revisions\/4634"}],"wp:featuredmedia":[{"embeddable":true,"href":"https:\/\/sundeco.ch\/fr\/wp-json\/wp\/v2\/media\/2001"}],"wp:attachment":[{"href":"https:\/\/sundeco.ch\/fr\/wp-json\/wp\/v2\/media?parent=3046"}],"curies":[{"name":"wp","href":"https:\/\/api.w.org\/{rel}","templated":true}]}}