{"id":2960,"date":"2025-04-22T10:18:14","date_gmt":"2025-04-22T08:18:14","guid":{"rendered":"https:\/\/staging.sundeco.ch\/waedenswil\/"},"modified":"2025-06-26T11:06:51","modified_gmt":"2025-06-26T09:06:51","slug":"waedenswil","status":"publish","type":"page","link":"https:\/\/sundeco.ch\/fr\/waedenswil\/","title":{"rendered":"W\u00e4denswil"},"content":{"rendered":"    <!-- HERO HEADLINE BLOCK -->\n    <section class=\"wrapper hero-wrapper\"\n             role=\"region\">\n        <div class=\"hero-headline\">\n            <h1>Conseils et installation de protection solaire \u00e0 W\u00e4denswil<\/h1>\n            <p style=\"text-align: center;\">\u00c0 <a href=\"https:\/\/www.waedenswil.ch\/\" target=\"_blank\" rel=\"noopener\">W\u00e4denswil<\/a> et dans tout le canton de Zurich, nous proposons un service personnalis\u00e9 pour tous vos besoins en mati\u00e8re de protection solaire. Du conseil personnalis\u00e9 et des mesures pr\u00e9cises \u00e0 l&rsquo;installation professionnelle, r\u00e9alis\u00e9e par nos partenaires locaux exp\u00e9riment\u00e9s. <\/p>\n                            <div class=\"cta-wrap\">\n                    <a href=\"https:\/\/sundeco.ch\/offertenanfrage\/\" aria-label=\"\"><span\n                                class=\"button\">R\u00e9servez une consultation gratuite<\/span><\/a>\n                <\/div>\n                        <\/div>\n    <\/section>\n    <!-- \/HERO HEADLINE BLOCK -->\n    ","protected":false},"excerpt":{"rendered":"","protected":false},"author":1,"featured_media":2001,"parent":0,"menu_order":0,"comment_status":"closed","ping_status":"closed","template":"templates\/index.php","meta":{"footnotes":""},"class_list":["post-2960","page","type-page","status-publish","has-post-thumbnail","hentry"],"_links":{"self":[{"href":"https:\/\/sundeco.ch\/fr\/wp-json\/wp\/v2\/pages\/2960","targetHints":{"allow":["GET"]}}],"collection":[{"href":"https:\/\/sundeco.ch\/fr\/wp-json\/wp\/v2\/pages"}],"about":[{"href":"https:\/\/sundeco.ch\/fr\/wp-json\/wp\/v2\/types\/page"}],"author":[{"embeddable":true,"href":"https:\/\/sundeco.ch\/fr\/wp-json\/wp\/v2\/users\/1"}],"replies":[{"embeddable":true,"href":"https:\/\/sundeco.ch\/fr\/wp-json\/wp\/v2\/comments?post=2960"}],"version-history":[{"count":1,"href":"https:\/\/sundeco.ch\/fr\/wp-json\/wp\/v2\/pages\/2960\/revisions"}],"predecessor-version":[{"id":2961,"href":"https:\/\/sundeco.ch\/fr\/wp-json\/wp\/v2\/pages\/2960\/revisions\/2961"}],"wp:featuredmedia":[{"embeddable":true,"href":"https:\/\/sundeco.ch\/fr\/wp-json\/wp\/v2\/media\/2001"}],"wp:attachment":[{"href":"https:\/\/sundeco.ch\/fr\/wp-json\/wp\/v2\/media?parent=2960"}],"curies":[{"name":"wp","href":"https:\/\/api.w.org\/{rel}","templated":true}]}}