{"id":2501,"date":"2025-04-14T10:49:55","date_gmt":"2025-04-14T08:49:55","guid":{"rendered":"https:\/\/staging.sundeco.ch\/a-propos-de-nous\/"},"modified":"2025-06-23T15:28:36","modified_gmt":"2025-06-23T13:28:36","slug":"a-propos-de-nous","status":"publish","type":"page","link":"https:\/\/sundeco.ch\/fr\/a-propos-de-nous\/","title":{"rendered":"\u00c0 propos de nous"},"content":{"rendered":"    <!-- HERO HEADLINE BLOCK -->\n    <section class=\"wrapper hero-wrapper\"\n             role=\"region\">\n        <div class=\"hero-headline\">\n            <h1>Qui sommes-nous ?<\/h1>\n            <p style=\"text-align: center;\">Swiss Trade GmbH \u2013 votre partenaire fiable pour des protections solaires et des brise-vue de haute qualit\u00e9 en Suisse<\/p>\n                    <\/div>\n    <\/section>\n    <!-- \/HERO HEADLINE BLOCK -->\n    \n\n                    <div class=\"wrapper\">\n                        <article class=\"grid-2\">\n                                                            <div class=\"article-content\" role=\"article\">\n                                                                            <h2>Des solutions fiables \u2013 personnelles, individuelles et bien pens\u00e9es<\/h2>\n                                                                                                                <p>Ce qui nous distingue\u00a0? Nous \u00e9coutons, r\u00e9fl\u00e9chissons et mettons en \u0153uvre, avec fiabilit\u00e9 et exigence de qualit\u00e9. Notre objectif est de vous offrir une protection solaire et intimit\u00e9 non seulement fonctionnelle, mais aussi harmonieuse dans votre int\u00e9rieur.<\/p>\n<p>Nous misons sur notre exp\u00e9rience, des conseils transparents et des produits soigneusement s\u00e9lectionn\u00e9s. Chaque pi\u00e8ce est diff\u00e9rente, c&rsquo;est pourquoi nous proposons des solutions parfaitement adapt\u00e9es \u00e0 vos besoins. Qu&rsquo;il s&rsquo;agisse d&rsquo;une protection visuelle discr\u00e8te pour plus d&rsquo;intimit\u00e9 ou d&rsquo;une protection solaire intelligente pour un climat int\u00e9rieur agr\u00e9able, nous vous accompagnons \u00e0 chaque \u00e9tape.<\/p>\n<p>Nous prenons notre temps, comprenons vos souhaits et veillons \u00e0 ce que vous vous sentiez bien pris en charge, du premier contact \u00e0 l&rsquo;installation. Car pour nous, un bon service commence l\u00e0 o\u00f9 s&rsquo;arr\u00eatent les solutions standard.<\/p>\n                                                                                                        <\/div> <!-- \/.article-content -->\n\n                                <div class=\"article-image\">\n                                    <img data-src=\"https:\/\/sundeco.ch\/wp-content\/uploads\/2025\/04\/Wabenplissee-violett-detail.webp\" alt=\"Detailansicht eines violetten Wabenstoffs mit Schmuckst\u00fccken und Glasdeko\" class=\"article-image lazyload\">                                <\/div><!-- \/.article-image -->\n                                                    <\/article><!-- \/.grid-2 -->\n                    <\/div> <!-- \/.wrapper -->\n                                        <div class=\"wrapper\">\n                        <article class=\"grid-2\">\n                                                            <div class=\"article-image\">\n                                    <img data-src=\"https:\/\/sundeco.ch\/wp-content\/uploads\/2025\/04\/SUNDECO-Map-schweiz.webp\" alt=\"Standorte von Sundeco Partnern und Servicepunkten auf der Schweizkarte\" class=\"article-image lazyload\">                                <\/div> <!-- \/.article-image -->\n\n                                <div class=\"article-content\">\n                                                                                                                <p>Avec un r\u00e9seau croissant de plus de 100 entreprises sp\u00e9cialis\u00e9es exp\u00e9riment\u00e9es, nous sommes \u00e0 votre disposition dans toute la Suisse. Nos partenaires ma\u00eetrisent parfaitement les solutions modernes de protection solaire et sont synonymes de comp\u00e9tence, de s\u00e9rieux et de fiabilit\u00e9.<\/p>\n<p>Que vous soyez en ville ou \u00e0 la campagne, nous vous garantissons des conseils personnalis\u00e9s, une installation professionnelle et un service de qualit\u00e9. Ainsi, vous recevez l&rsquo;accompagnement id\u00e9al pour votre projet, directement sur place.<\/p>\n<p>Avec un r\u00e9seau croissant de plus de 100 entreprises sp\u00e9cialis\u00e9es exp\u00e9riment\u00e9es, nous sommes \u00e0 votre disposition dans toute la Suisse. Nos partenaires ma\u00eetrisent parfaitement les solutions modernes de protection solaire et sont synonymes de comp\u00e9tence, de s\u00e9rieux et de fiabilit\u00e9.<\/p>\n<p>Que vous soyez en ville ou \u00e0 la campagne, nous vous garantissons des conseils personnalis\u00e9s, une installation professionnelle et un service de qualit\u00e9. Ainsi, vous recevez l&rsquo;accompagnement id\u00e9al pour votre projet, directement sur place.<\/p>\n                                                                                                        <\/div> <!-- \/.article-content -->\n                                                    <\/article><!-- \/.grid-2 -->\n                    <\/div> <!-- \/.wrapper -->\n                    ","protected":false},"excerpt":{"rendered":"","protected":false},"author":1,"featured_media":1734,"parent":0,"menu_order":0,"comment_status":"closed","ping_status":"closed","template":"templates\/index.php","meta":{"footnotes":""},"class_list":["post-2501","page","type-page","status-publish","has-post-thumbnail","hentry"],"_links":{"self":[{"href":"https:\/\/sundeco.ch\/fr\/wp-json\/wp\/v2\/pages\/2501","targetHints":{"allow":["GET"]}}],"collection":[{"href":"https:\/\/sundeco.ch\/fr\/wp-json\/wp\/v2\/pages"}],"about":[{"href":"https:\/\/sundeco.ch\/fr\/wp-json\/wp\/v2\/types\/page"}],"author":[{"embeddable":true,"href":"https:\/\/sundeco.ch\/fr\/wp-json\/wp\/v2\/users\/1"}],"replies":[{"embeddable":true,"href":"https:\/\/sundeco.ch\/fr\/wp-json\/wp\/v2\/comments?post=2501"}],"version-history":[{"count":1,"href":"https:\/\/sundeco.ch\/fr\/wp-json\/wp\/v2\/pages\/2501\/revisions"}],"predecessor-version":[{"id":2502,"href":"https:\/\/sundeco.ch\/fr\/wp-json\/wp\/v2\/pages\/2501\/revisions\/2502"}],"wp:featuredmedia":[{"embeddable":true,"href":"https:\/\/sundeco.ch\/fr\/wp-json\/wp\/v2\/media\/1734"}],"wp:attachment":[{"href":"https:\/\/sundeco.ch\/fr\/wp-json\/wp\/v2\/media?parent=2501"}],"curies":[{"name":"wp","href":"https:\/\/api.w.org\/{rel}","templated":true}]}}