{"id":2497,"date":"2025-04-14T11:53:48","date_gmt":"2025-04-14T09:53:48","guid":{"rendered":"https:\/\/staging.sundeco.ch\/emplacements\/"},"modified":"2025-10-29T16:49:44","modified_gmt":"2025-10-29T15:49:44","slug":"emplacements","status":"publish","type":"page","link":"https:\/\/sundeco.ch\/fr\/emplacements\/","title":{"rendered":"Emplacements"},"content":{"rendered":"    <!-- Header Block -->\n    <div class=\"wrapper header-block\">\n                    <h1>Localisations Suisse<\/h1>\n                <\/div>\n    <!-- \/Header Block -->\n    \n\n\n    <!-- PARAGRAPH BLOCK -->\n    <div class=\"paragraph-wrapper paragraph-block\">\n        <p style=\"text-align: center;\">Dans la plupart des r\u00e9gions de Suisse, nos partenaires comp\u00e9tents en protection solaire sont \u00e0 votre disposition pour un conseil sans engagement. Veuillez remplir <a href=\"https:\/\/sundeco.ch\/offertenanfrage\/\">ce formulaire<\/a> et le sp\u00e9cialiste de la protection de la vie priv\u00e9e le plus proche de chez vous se fera un plaisir de vous contacter.<\/p>\n    <\/div>\n    <!-- PARAGRAPH BLOCK -->\n\n    \n\n<div class=\"store_locator_plus sundeco\"><div id=\"sl_div\">\r\n  <div id=\"map\" class=\"slp_map\"><\/div>\r\n  <div style=\"display:none;\">\r\n    <div id=\"map_sidebar\" class=\"slp_results_container\"><div class=\"text_below_map\">Enter an address or zip code and click the find locations button.<\/div><\/div>\r\n  <\/div>\r\n<\/div><\/div>\n\n                <div\n                        class=\"spacer-block\"\n                        style=\"height: 3rem;\"\n                        aria-hidden=\"true\"\n                >\n                <\/div>\n                \n\n\n    <!-- PARAGRAPH BLOCK -->\n    <div class=\"paragraph-wrapper paragraph-block\">\n        <ul class=\"location-list\">\n<li><a href=\"https:\/\/sundeco.ch\/fr\/aadorf\/\">Aadorf<\/a><\/li>\n<li><a href=\"https:\/\/sundeco.ch\/fr\/aarau\/\">Aarau<\/a><\/li>\n<li><a href=\"https:\/\/sundeco.ch\/fr\/adliswil\/\">Adliswil<\/a><\/li>\n<li><a href=\"https:\/\/sundeco.ch\/fr\/allschwil\/\">Allschwil<\/a><\/li>\n<li><a href=\"https:\/\/sundeco.ch\/fr\/ascona\/\">Ascona<\/a><\/li>\n<li><a href=\"https:\/\/sundeco.ch\/fr\/andwil\/\">Andwil<\/a><\/li>\n<li><a href=\"https:\/\/sundeco.ch\/fr\/appenzell\/\">Appenzell<\/a><\/li>\n<li><a href=\"https:\/\/sundeco.ch\/fr\/affoltern-am-albis\/\">Affoltern am Albis<\/a><\/li>\n<li><a href=\"https:\/\/sundeco.ch\/fr\/arbon\/\">Arbon<\/a><\/li>\n<li><a href=\"https:\/\/sundeco.ch\/fr\/amriswil\/\">Amriswil<\/a><\/li>\n<li><a href=\"https:\/\/sundeco.ch\/fr\/buelach\/\">B\u00fclach<\/a><\/li>\n<li><a href=\"https:\/\/sundeco.ch\/fr\/baar\/\">Baar<\/a><\/li>\n<li><a href=\"https:\/\/sundeco.ch\/fr\/baden\/\">Baden<\/a><\/li>\n<li><a href=\"https:\/\/sundeco.ch\/fr\/basel\/\">Basel<\/a><\/li>\n<li><a href=\"https:\/\/sundeco.ch\/fr\/bellinzona\/\">Bellinzona<\/a><\/li>\n<li><a href=\"https:\/\/sundeco.ch\/fr\/bern\/\">Bern<\/a><\/li>\n<li><a href=\"https:\/\/sundeco.ch\/fr\/biel\/\">Biel \/ Bienne<\/a><\/li>\n<li><a href=\"https:\/\/sundeco.ch\/fr\/brugg\/\">Brugg<\/a><\/li>\n<li><a href=\"https:\/\/sundeco.ch\/fr\/bennwil\/\">Bennwil<\/a><\/li>\n<li><a href=\"https:\/\/sundeco.ch\/fr\/beinwil-am-see\/\">Beinwil am See<\/a><\/li>\n<li><a href=\"https:\/\/sundeco.ch\/fr\/bellmund\/\">Bellmund<\/a><\/li>\n<li><a href=\"https:\/\/sundeco.ch\/fr\/burgdorf\/\">Burgdorf<\/a><\/li>\n<li><a href=\"https:\/\/sundeco.ch\/fr\/buetigen\/\">B\u00fcetigen<\/a><\/li>\n<li><a href=\"https:\/\/sundeco.ch\/fr\/bassersdorf\/\">Bassersdorf<\/a><\/li>\n<li><a href=\"https:\/\/sundeco.ch\/fr\/binningen\/\">Binningen<\/a><\/li>\n<li><a href=\"https:\/\/sundeco.ch\/fr\/brig-glis\/\">Brig-Glis<\/a><\/li>\n<li><a href=\"https:\/\/sundeco.ch\/fr\/buchs\/\">Buchs<\/a><\/li>\n<li><a href=\"https:\/\/sundeco.ch\/fr\/chur\/\">Chur<\/a><\/li>\n<li><a href=\"https:\/\/sundeco.ch\/fr\/cham\/\">Cham<\/a><\/li>\n<li><a href=\"https:\/\/sundeco.ch\/fr\/davos\/\">Davos<\/a><\/li>\n<li><a href=\"https:\/\/sundeco.ch\/fr\/dietikon\/\">Dietikon<\/a><\/li>\n<li><a href=\"https:\/\/sundeco.ch\/fr\/duebendorf\/\">D\u00fcbendorf<\/a><\/li>\n<li><a href=\"https:\/\/sundeco.ch\/fr\/ettiswil\/\">Ettiswil<\/a><\/li>\n<li><a href=\"https:\/\/sundeco.ch\/fr\/emmen\/\">Emmen<\/a><\/li>\n<li><a href=\"https:\/\/sundeco.ch\/fr\/effretikon\/\">Effretikon<\/a><\/li>\n<li><a href=\"https:\/\/sundeco.ch\/fr\/ellikon-a-d-thur\/\">Ellikon a.d.Thur<\/a><\/li>\n<li><a href=\"https:\/\/sundeco.ch\/fr\/einsiedeln\/\">Einsiedeln<\/a><\/li>\n<li><a href=\"https:\/\/sundeco.ch\/fr\/ebikon\/\">Ebikon<\/a><\/li>\n<li><a href=\"https:\/\/sundeco.ch\/fr\/frauenfeld\/\">Frauenfeld<\/a><\/li>\n<li><a href=\"https:\/\/sundeco.ch\/fr\/freiburg\/\">Freiburg \/ Fribourg<\/a><\/li>\n<li><a href=\"https:\/\/sundeco.ch\/fr\/fehraltorf\/\">Fehraltorf<\/a><\/li>\n<li><a href=\"https:\/\/sundeco.ch\/fr\/fideris\/\">Fideris<\/a><\/li>\n<li><a href=\"https:\/\/sundeco.ch\/fr\/flaach\/\">Flaach<\/a><\/li>\n<li><a href=\"https:\/\/sundeco.ch\/fr\/flawil\/\">Flawil<\/a><\/li>\n<li><a href=\"https:\/\/sundeco.ch\/fr\/frick\/\">Frick<\/a><\/li>\n<li><a href=\"https:\/\/sundeco.ch\/fr\/freienbach\/\">Freienbach<\/a><\/li>\n<li><a href=\"https:\/\/sundeco.ch\/fr\/grabs\/\">Grabs<\/a><\/li>\n<li><a href=\"https:\/\/sundeco.ch\/fr\/gampel\/\">Gampel<\/a><\/li>\n<li><a href=\"https:\/\/sundeco.ch\/fr\/gossau\/\">Gossau<\/a><\/li>\n<li><a href=\"https:\/\/sundeco.ch\/fr\/grenchen\/\">Grenchen<\/a><\/li>\n<li><a href=\"https:\/\/sundeco.ch\/fr\/horgen\/\">Horgen<\/a><\/li>\n<li><a href=\"https:\/\/sundeco.ch\/fr\/herisau\/\">Herisau<\/a><\/li>\n<li><a href=\"https:\/\/sundeco.ch\/fr\/hedingen\/\">Hedingen<\/a><\/li>\n<li><a href=\"https:\/\/sundeco.ch\/fr\/herzogenbuchsee\/\">Herzogenbuchsee<\/a><\/li>\n<li><a href=\"https:\/\/sundeco.ch\/fr\/hochdorf\/\">Hochdorf<\/a><\/li>\n<li><a href=\"https:\/\/sundeco.ch\/fr\/hombrechtikon\/\">Hombrechtikon<\/a><\/li>\n<li><a href=\"https:\/\/sundeco.ch\/fr\/howr\/\">Horw<\/a><\/li>\n<li><a href=\"https:\/\/sundeco.ch\/fr\/hinwil\/\">Hinwil<\/a><\/li>\n<li><a href=\"https:\/\/sundeco.ch\/fr\/inwil\/\">Inwil<\/a><\/li>\n<li><a href=\"https:\/\/sundeco.ch\/fr\/interlaken\/\">Interlaken<\/a><\/li>\n<li><a href=\"https:\/\/sundeco.ch\/fr\/illnau-effretikon\/\">Illnau-Effretikon<\/a><\/li>\n<li><a href=\"https:\/\/sundeco.ch\/fr\/klosters\/\">Klosters<\/a><\/li>\n<li><a href=\"https:\/\/sundeco.ch\/fr\/koelliken\/\">K\u00f6lliken<\/a><\/li>\n<li><a href=\"https:\/\/sundeco.ch\/fr\/kreuzlingen\/\">Kreuzlingen<\/a><\/li>\n<li><a href=\"https:\/\/sundeco.ch\/fr\/koeniz\/\">K\u00f6niz<\/a><\/li>\n<li><a href=\"https:\/\/sundeco.ch\/fr\/kriens\/\">Kriens<\/a><\/li>\n<li><a href=\"https:\/\/sundeco.ch\/fr\/kloten\/\">Kloten<\/a><\/li>\n<li><a href=\"https:\/\/sundeco.ch\/fr\/kuessnacht\/\">K\u00fcssnacht<\/a><\/li>\n<li><a href=\"https:\/\/sundeco.ch\/fr\/locarno\/\">Locarno<\/a><\/li>\n<li><a href=\"https:\/\/sundeco.ch\/fr\/lungern\/\">Lungern<\/a><\/li>\n<li><a href=\"https:\/\/sundeco.ch\/fr\/lugano\/\">Lugano<\/a><\/li>\n<li><a href=\"https:\/\/sundeco.ch\/fr\/luzern\/\">Luzern<\/a><\/li>\n<li><a href=\"https:\/\/sundeco.ch\/fr\/lyss\/\">Lyss<\/a><\/li>\n<li><a href=\"https:\/\/sundeco.ch\/fr\/langenthal\/\">Langenthal<\/a><\/li>\n<li><a href=\"https:\/\/sundeco.ch\/fr\/liestal\/\">Liestal<\/a><\/li>\n<li><a href=\"https:\/\/sundeco.ch\/fr\/minusio\/\">Minusio<\/a><\/li>\n<li><a href=\"https:\/\/sundeco.ch\/fr\/martigny\/\">Martigny<\/a><\/li>\n<li><a href=\"https:\/\/sundeco.ch\/fr\/mendrisio\/\">Mendrisio<\/a><\/li>\n<li><a href=\"https:\/\/sundeco.ch\/fr\/meilen\/\">Meilen<\/a><\/li>\n<li><a href=\"https:\/\/sundeco.ch\/fr\/maennedorf\/\">M\u00e4nnedorf<\/a><\/li>\n<li><a href=\"https:\/\/sundeco.ch\/fr\/muri-bei-bern\/\">Muri bei Bern<\/a><\/li>\n<li><a href=\"https:\/\/sundeco.ch\/fr\/muensingen\/\">M\u00fcnsingen<\/a><\/li>\n<li><a href=\"https:\/\/sundeco.ch\/fr\/neerach\/\">Neerach<\/a><\/li>\n<li><a href=\"https:\/\/sundeco.ch\/fr\/oberbueren\/\">Oberb\u00fcren<\/a><\/li>\n<li><a href=\"https:\/\/sundeco.ch\/fr\/oberbipp\/\">Oberbipp<\/a><\/li>\n<li><a href=\"https:\/\/sundeco.ch\/fr\/oberburg\/\">Oberburg<\/a><\/li>\n<li><a href=\"https:\/\/sundeco.ch\/fr\/oberhofen\/\">Oberhofen<\/a><\/li>\n<li><a href=\"https:\/\/sundeco.ch\/fr\/oftringen\/\">Oftringen<\/a><\/li>\n<li><a href=\"https:\/\/sundeco.ch\/fr\/olten\/\">Olten<\/a><\/li>\n<li><a href=\"https:\/\/sundeco.ch\/fr\/opfikon\/\">Opfikon<\/a><\/li>\n<li><a href=\"https:\/\/sundeco.ch\/fr\/ostermundigen\/\">Ostermundigen<\/a><\/li>\n<li><a href=\"https:\/\/sundeco.ch\/fr\/pfaeffikon\/\">Pf\u00e4ffikon<\/a><\/li>\n<li><a href=\"https:\/\/sundeco.ch\/fr\/pratteln\/\">Pratteln<\/a><\/li>\n<li><a href=\"https:\/\/sundeco.ch\/fr\/remetschwil\/\">Remetschwil<\/a><\/li>\n<li><a href=\"https:\/\/sundeco.ch\/fr\/ried-muotathal\/\">Ried-Muotathal<\/a><\/li>\n<li><a href=\"https:\/\/sundeco.ch\/fr\/riehen\/\">Riehen<\/a><\/li>\n<li><a href=\"https:\/\/sundeco.ch\/fr\/romanshor\/\">Romanshorn<\/a><\/li>\n<li><a href=\"https:\/\/sundeco.ch\/fr\/rothenthurm\/\">Rothenthurm<\/a><\/li>\n<li><a href=\"https:\/\/sundeco.ch\/fr\/rapperswil-jona\/\">Rapperswil-Jona<\/a><\/li>\n<li><a href=\"https:\/\/sundeco.ch\/fr\/reinach\/\">Reinach<\/a><\/li>\n<li><a href=\"https:\/\/sundeco.ch\/fr\/regensdorf\/\">Regensdorf<\/a><\/li>\n<li><a href=\"https:\/\/sundeco.ch\/fr\/richterswil\/\">Richterswil<\/a><\/li>\n<li><a href=\"https:\/\/sundeco.ch\/fr\/rheinfelden\/\">Rheinfelden<\/a><\/li>\n<li><a href=\"https:\/\/sundeco.ch\/fr\/sarnen\/\">Sarnen<\/a><\/li>\n<li><a href=\"https:\/\/sundeco.ch\/fr\/schiers\/\">Schiers<\/a><\/li>\n<li><a href=\"https:\/\/sundeco.ch\/fr\/schlieren\/\">Schlieren<\/a><\/li>\n<li><a href=\"https:\/\/sundeco.ch\/fr\/schoenenwerd\/\">Sch\u00f6nenwerd<\/a><\/li>\n<li><a href=\"https:\/\/sundeco.ch\/fr\/schwyz\/\">Schwyz<\/a><\/li>\n<li><a href=\"https:\/\/sundeco.ch\/fr\/schaffhausen\/\">Schaffhausen<\/a><\/li>\n<li><a href=\"https:\/\/sundeco.ch\/fr\/sins\/\">Sins<\/a><\/li>\n<li><a href=\"https:\/\/sundeco.ch\/fr\/sirnach\/\">Sirnach<\/a><\/li>\n<li><a href=\"https:\/\/sundeco.ch\/fr\/solothurn\/\">Solothurn<\/a><\/li>\n<li><a href=\"https:\/\/sundeco.ch\/fr\/stein-am-rhein\/\">Stein am Rhein<\/a><\/li>\n<li><a href=\"https:\/\/sundeco.ch\/fr\/steffisburg\/\">Steffisburg<\/a><\/li>\n<li><a href=\"https:\/\/sundeco.ch\/fr\/st-gallen\/\">St. Gallen<\/a><\/li>\n<li><a href=\"https:\/\/sundeco.ch\/fr\/st-moritz\/\">St. Moritz<\/a><\/li>\n<li><a href=\"https:\/\/sundeco.ch\/fr\/sulgen\/\">Sulgen<\/a><\/li>\n<li><a href=\"https:\/\/sundeco.ch\/fr\/sursee\/\">Sursee<\/a><\/li>\n<li><a href=\"https:\/\/sundeco.ch\/fr\/sitten\/\">Sitten<\/a><\/li>\n<li><a href=\"https:\/\/sundeco.ch\/fr\/staefa\/\">St\u00e4fa<\/a><\/li>\n<li><a href=\"https:\/\/sundeco.ch\/fr\/spiez\/\">Spiez<\/a><\/li>\n<li><a href=\"https:\/\/sundeco.ch\/fr\/thalwil\/\">Thalwil<\/a><\/li>\n<li><a href=\"https:\/\/sundeco.ch\/fr\/thun\/\">Thun<\/a><\/li>\n<li><a href=\"https:\/\/sundeco.ch\/fr\/uster\/\">Uster<\/a><\/li>\n<li><a href=\"https:\/\/sundeco.ch\/fr\/uzwil\/\">Uzwil<\/a><\/li>\n<li><a href=\"https:\/\/sundeco.ch\/fr\/volketswil\/\">Volketswil<\/a><\/li>\n<li><a href=\"https:\/\/sundeco.ch\/fr\/winterthur\/\">Winterthur<\/a><\/li>\n<li><a href=\"https:\/\/sundeco.ch\/fr\/wetzikon\/\">Wetzikon<\/a><\/li>\n<li><a href=\"https:\/\/sundeco.ch\/fr\/waedenswil\/\">W\u00e4denswil<\/a><\/li>\n<li><a href=\"https:\/\/sundeco.ch\/fr\/wallisellen\/\">Wallisellen<\/a><\/li>\n<li><a href=\"https:\/\/sundeco.ch\/fr\/wohlen\/\">Wohlen<\/a><\/li>\n<li><a href=\"https:\/\/sundeco.ch\/fr\/wil\/\">Wil<\/a><\/li>\n<li><a href=\"https:\/\/sundeco.ch\/fr\/wettingen\/\">Wettingen<\/a><\/li>\n<li><a href=\"https:\/\/sundeco.ch\/fr\/zuerich\/\">Z\u00fcrich<\/a><\/li>\n<li><a href=\"https:\/\/sundeco.ch\/fr\/zug\/\">Zug<\/a><\/li>\n<\/ul>\n    <\/div>\n    <!-- PARAGRAPH BLOCK -->\n\n    \n\n\n<p><\/p>\n","protected":false},"excerpt":{"rendered":"","protected":false},"author":1,"featured_media":1965,"parent":0,"menu_order":0,"comment_status":"closed","ping_status":"closed","template":"templates\/small-hero.php","meta":{"footnotes":""},"class_list":["post-2497","page","type-page","status-publish","has-post-thumbnail","hentry"],"_links":{"self":[{"href":"https:\/\/sundeco.ch\/fr\/wp-json\/wp\/v2\/pages\/2497","targetHints":{"allow":["GET"]}}],"collection":[{"href":"https:\/\/sundeco.ch\/fr\/wp-json\/wp\/v2\/pages"}],"about":[{"href":"https:\/\/sundeco.ch\/fr\/wp-json\/wp\/v2\/types\/page"}],"author":[{"embeddable":true,"href":"https:\/\/sundeco.ch\/fr\/wp-json\/wp\/v2\/users\/1"}],"replies":[{"embeddable":true,"href":"https:\/\/sundeco.ch\/fr\/wp-json\/wp\/v2\/comments?post=2497"}],"version-history":[{"count":3,"href":"https:\/\/sundeco.ch\/fr\/wp-json\/wp\/v2\/pages\/2497\/revisions"}],"predecessor-version":[{"id":4596,"href":"https:\/\/sundeco.ch\/fr\/wp-json\/wp\/v2\/pages\/2497\/revisions\/4596"}],"wp:featuredmedia":[{"embeddable":true,"href":"https:\/\/sundeco.ch\/fr\/wp-json\/wp\/v2\/media\/1965"}],"wp:attachment":[{"href":"https:\/\/sundeco.ch\/fr\/wp-json\/wp\/v2\/media?parent=2497"}],"curies":[{"name":"wp","href":"https:\/\/api.w.org\/{rel}","templated":true}]}}