{"id":2442,"date":"2025-04-04T14:13:33","date_gmt":"2025-04-04T12:13:33","guid":{"rendered":"https:\/\/staging.sundeco.ch\/produits\/store-dobscurcissement\/"},"modified":"2025-06-18T14:33:54","modified_gmt":"2025-06-18T12:33:54","slug":"store-dobscurcissement","status":"publish","type":"page","link":"https:\/\/sundeco.ch\/fr\/produits\/store-dobscurcissement\/","title":{"rendered":"Store d&rsquo;obscurcissement"},"content":{"rendered":"    <!-- HERO HEADLINE BLOCK -->\n    <section class=\"wrapper hero-wrapper\"\n             role=\"region\">\n        <div class=\"hero-headline\">\n            <h1>Store d&#039;obscurcissement sur mesure<\/h1>\n            <p style=\"text-align : center ;\">Les stores d&rsquo;obscurcissement t&rsquo;offrent le calme et l&rsquo;obscurit\u00e9 pour un sommeil r\u00e9parateur et de beaux r\u00eaves<\/p>\n<p>.<\/p>\n                    <\/div>\n    <\/section>\n    <!-- \/HERO HEADLINE BLOCK -->\n    \n\n                    <div class=\"wrapper\">\n                        <article class=\"grid-2\">\n                                                            <div class=\"article-content\" role=\"article\">\n                                                                            <h2>Contr\u00f4le efficace de la lumi\u00e8re avec un store d&#039;obscurcissement moderne<\/h2>\n                                                                                                                <p>Un <strong>store d&rsquo;obscurcissement <\/strong>de haute qualit\u00e9 offre une protection fiable contre la lumi\u00e8re du jour et permet d&rsquo;obscurcir compl\u00e8tement les pi\u00e8ces. Sie eignet sich ideal f\u00fcr Pr\u00e4sentationen, Schulungen oder Konferenzr\u00e4ume. Auch in B\u00fcros, Bildungseinrichtungen oder im Homeoffice sorgt eine durchdachte <em>Verdunkelungsrollo<\/em> f\u00fcr angenehme Lichtverh\u00e4ltnisse, konzentriertes Arbeiten und effektiven Sichtschutz. Die Systeme lassen sich pr\u00e4zise an Fenstergr\u00f6ssen und Raumgegebenheiten anpassen und k\u00f6nnen manuell oder elektrisch bedient werden. Que ce soit pour les grandes surfaces vitr\u00e9es ou pour une commande cibl\u00e9e de la lumi\u00e8re.<\/p>\n                                                                                                        <\/div> <!-- \/.article-content -->\n\n                                <div class=\"article-image\">\n                                    <img data-src=\"https:\/\/sundeco.ch\/wp-content\/uploads\/2025\/04\/erfal_Verdunklungsanlagen_01.webp\" alt=\"Raum mit moderner Verdunkelungsanlage und vollst\u00e4ndig abgedunkelten Fenstern f\u00fcr konzentriertes Arbeiten\" class=\"article-image lazyload\">                                <\/div><!-- \/.article-image -->\n                                                    <\/article><!-- \/.grid-2 -->\n                    <\/div> <!-- \/.wrapper -->\n                                        <div class=\"wrapper\">\n                        <article class=\"grid-2\">\n                                                            <div class=\"article-image\">\n                                    <img data-src=\"https:\/\/sundeco.ch\/wp-content\/uploads\/2025\/04\/erfal_Verdunklungsanlagen_04.webp\" alt=\"Grosser Raum mit mehreren Tischen und hellen Stoffanlagen vor hohen Fenstern\" class=\"article-image lazyload\">                                <\/div> <!-- \/.article-image -->\n\n                                <div class=\"article-content\">\n                                                                            <h2>Aper\u00e7u des possibilit\u00e9s de montage<\/h2>\n                                                                                                                <ul>\n<li><strong>Fixation murale<\/strong><br \/>Id\u00e9al si le plafond ne peut pas \u00eatre utilis\u00e9 ou si le syst\u00e8me doit \u00eatre d\u00e9lib\u00e9r\u00e9ment positionn\u00e9 au-dessus de la fen\u00eatre. Cette variante offre une flexibilit\u00e9 de placement et est facile \u00e0 monter.<\/li>\n<li><strong> Fixation au plafond<\/strong><br \/>Le montage directement au plafond de la pi\u00e8ce assure une optique claire et r\u00e9duite et fait para\u00eetre le syst\u00e8me particuli\u00e8rement discret. Elle convient parfaitement aux concepts d&rsquo;espaces modernes et \u00e9pur\u00e9s.<\/li>\n<li><strong>Installations de lanterneaux<\/strong><br \/>Pour les fen\u00eatres hautes, les surfaces de toit vitr\u00e9es ou les zones de fen\u00eatres difficiles d&rsquo;acc\u00e8s, les installations de lanterneaux offrent une solution bien pens\u00e9e. Ils permettent une r\u00e9gulation fiable de la lumi\u00e8re, m\u00eame dans des situations architecturales exigeantes.<\/li>\n<\/ul>\n                                                                                                        <\/div> <!-- \/.article-content -->\n                                                    <\/article><!-- \/.grid-2 -->\n                    <\/div> <!-- \/.wrapper -->\n                    \n\n    <div class=\"list-block\">\n        <div class=\"list-header\">\n            <h2>Plus qu&#039;un simple obscurcissement<\/h2>\n        <\/div>\n        <div class=\"list-grid\">\n            <div>\n                <ul class=\"list-items\">\n                                                                    <li>\n                            <p>Le syst\u00e8me est construit de mani\u00e8re stable et convainc par sa longue dur\u00e9e de vie. <\/p>\n                        <\/li>\n                                                                    <li>\n                            <p>Diff\u00e9rents mod\u00e8les sont disponibles, adapt\u00e9s \u00e0 diff\u00e9rents besoins.<\/p>\n                        <\/li>\n                                                                    <li>\n                            <p>La fabrication s&rsquo;effectue sur mesure pour une int\u00e9gration parfaite dans l&rsquo;espace.<\/p>\n                        <\/li>\n                                                                    <li>\n                            <p>Un obscurcissement complet est obtenu gr\u00e2ce \u00e0 des tissus sp\u00e9ciaux et des rails de guidage lat\u00e9raux.<\/p>\n                        <\/li>\n                                                                    <li>\n                            <p>La commande est simple et confortable, possible au choix manuellement ou \u00e9lectriquement.<\/p>\n                        <\/li>\n                                    <\/ul>\n            <\/div>\n                    <\/div>\n    <\/div>\n    \n\n                <div\n                        class=\"spacer-block\"\n                        style=\"height: 3rem;\"\n                        aria-hidden=\"true\"\n                >\n                <\/div>\n                \n\n    <!-- Header Block -->\n    <div class=\"wrapper header-block\">\n                    <h2>Utilisation<\/h2>\n                <\/div>\n    <!-- \/Header Block -->\n    \n\n    <div id=\"swiper-carousel-69e305e9c87790.25520054\" class=\"swiper-carousel-block\">\n        <div class=\"swiper mySwiper\">\n            <div class=\"swiper-wrapper \">\n                                                        <div class=\"swiper-slide\">\n                        <div class=\"card image-top-card\">\n                            <img decoding=\"async\" src=\"https:\/\/sundeco.ch\/wp-content\/uploads\/2025\/04\/erfal_Rollos_bauarten_besonderheiten_flexilibitaet_bedienstab.jpg.24281065.webp\"\n                                 alt=\"Nahaufnahme eines weissen Stoffes mit seitlicher Bedienvorrichtung in Metalloptik f\u00fcr manuelle Steuerung\"\n                                 loading=\"lazy\">\n                            <div class=\"card-content\">\n                                <h3> Manivelle<\/h3>\n                                <p>manivelle sont id\u00e9ales pour les grandes surfaces de fen\u00eatres ou les zones difficiles d&#039;acc\u00e8s. La manivelle facile \u00e0 man\u0153uvrer permet de r\u00e9gler la hauteur du store avec pr\u00e9cision et sans effort.<\/p>\n                            <\/div>\n                        <\/div>\n                    <\/div>\n                                                        <div class=\"swiper-slide\">\n                        <div class=\"card image-top-card\">\n                            <img decoding=\"async\" src=\"https:\/\/sundeco.ch\/wp-content\/uploads\/2025\/04\/erfal_eACCU-Doppelrollo-Connector-App-680x480.webp\"\n                                 alt=\"Ein heller Wohnraum mit gem\u00fctlicher Sitzecke, Blick in den Garten und einer Hand mit Smartphone im Vordergrund.\"\n                                 loading=\"lazy\">\n                            <div class=\"card-content\">\n                                <h3>\u00c9lectrique<\/h3>\n                                <p>Les solutions de protection solaire \u00e0 commande \u00e9lectrique offrent un confort maximal et une qualit\u00e9 d&#039;habitat moderne. Elles se commandent ais\u00e9ment par interrupteur, t\u00e9l\u00e9commande ou application et se positionnent avec pr\u00e9cision dans la position souhait\u00e9e.<\/p>\n                            <\/div>\n                        <\/div>\n                    <\/div>\n                                                        <div class=\"swiper-slide\">\n                        <div class=\"card image-top-card\">\n                            <img decoding=\"async\" src=\"https:\/\/sundeco.ch\/wp-content\/uploads\/2025\/04\/erfal_Verdunklungsanlagen_bedienen_Gurt-570x480.webp\"\n                                 alt=\"Nahaufnahme eines Gurtwicklers an einem Fensterrahmen zur manuellen Bedienung\"\n                                 loading=\"lazy\">\n                            <div class=\"card-content\">\n                                <h3>Sangle<\/h3>\n                                <p>La commande par sangle est une solution classique et \u00e9prouv\u00e9e pour une utilisation quotidienne. Il suffit de tirer le tablier pour l&#039;amener sans effort dans la position souhait\u00e9e, de mani\u00e8re pratique, fiable et sans effort technique.<\/p>\n                            <\/div>\n                        <\/div>\n                    <\/div>\n                            <\/div>\n\n            <div class=\"swiper-button-prev\"><\/div>\n            <div class=\"swiper-button-next\"><\/div>\n\n            <div class=\"swiper-pagination\"><\/div>\n\n        <\/div>\n    <\/div>\n    \n\n    <div class=\"location-block\">\n        <div class=\"container-background\">\n            <img data-src=\"https:\/\/sundeco.ch\/wp-content\/uploads\/2025\/04\/SUNDECO-Map-schweiz.webp\" alt=\"Location Background\" class=\"lazyload\">\n        <\/div>\n        <div class=\"location-overlay\">\n            <h2>Protection solaire Suisse &#8211; nos partenaires sp\u00e9cialis\u00e9s sont tout pr\u00e8s de chez vous<\/h2>\n            <p>Nos partenaires vous servent dans toute la Suisse. Dans les r\u00e9gions suivantes, nous avons des repr\u00e9sentants Sundeco qui peuvent vous conseiller !<\/p>\n        <\/div>\n        <div class=\"location-cta\">\n            <a href=\"https:\/\/sundeco.ch\/standorte\/\">\n                <span class=\"button\">Partenaire pr\u00e8s de chez toi ?<\/span>\n            <\/a>\n        <\/div>\n    <\/div>\n    \n\n                        <div class=\"accordion\">\n                            <h2><\/h2>\n                                                                <div class=\"accordion-item\">\n                                        <input type=\"checkbox\" id=\"accordion-msrpn-1\">\n                                        <label for=\"accordion-msrpn-1\" class=\"accordion-item-title\"><span\n                                                    class=\"icon\"><\/span>\n                                            Pourquoi un store d&#039;obscurcissement est un meilleur choix                                        <\/label>\n                                        <div class=\"accordion-item-desc\">\n                                            <p>Par rapport \u00e0 un mod\u00e8le traditionnel, un store d&rsquo;obscurcissement offre une bien meilleure protection contre la lumi\u00e8re et assure un obscurcissement presque total m\u00eame en cas de rayonnement solaire direct. Das ist besonders vorteilhaft in Schlafzimmern, Kinderzimmern oder R\u00e4umen, in denen konzentriertes Arbeiten oder erholsamer Schlaf gefragt ist. W\u00e4hrend ein normales <a href=\"https:\/\/sundeco.ch\/produkte\/rollos\/\">Rollo<\/a> lediglich den Lichteinfall reduziert, verhindert ein Verdunkelungsrollo effektiv das Eindringen von Licht und sch\u00fctzt zus\u00e4tzlich vor neugierigen Blicken sowie Hitze. Ceux qui attachent de l&rsquo;importance \u00e0 la fonctionnalit\u00e9 et au confort font le meilleur choix en optant pour cette solution.<\/p>\n                                        <\/div>\n                                    <\/div>\n                                                            <\/div>\n                        ","protected":false},"excerpt":{"rendered":"","protected":false},"author":1,"featured_media":1872,"parent":2334,"menu_order":0,"comment_status":"closed","ping_status":"closed","template":"templates\/index.php","meta":{"footnotes":""},"class_list":["post-2442","page","type-page","status-publish","has-post-thumbnail","hentry"],"_links":{"self":[{"href":"https:\/\/sundeco.ch\/fr\/wp-json\/wp\/v2\/pages\/2442","targetHints":{"allow":["GET"]}}],"collection":[{"href":"https:\/\/sundeco.ch\/fr\/wp-json\/wp\/v2\/pages"}],"about":[{"href":"https:\/\/sundeco.ch\/fr\/wp-json\/wp\/v2\/types\/page"}],"author":[{"embeddable":true,"href":"https:\/\/sundeco.ch\/fr\/wp-json\/wp\/v2\/users\/1"}],"replies":[{"embeddable":true,"href":"https:\/\/sundeco.ch\/fr\/wp-json\/wp\/v2\/comments?post=2442"}],"version-history":[{"count":2,"href":"https:\/\/sundeco.ch\/fr\/wp-json\/wp\/v2\/pages\/2442\/revisions"}],"predecessor-version":[{"id":2446,"href":"https:\/\/sundeco.ch\/fr\/wp-json\/wp\/v2\/pages\/2442\/revisions\/2446"}],"up":[{"embeddable":true,"href":"https:\/\/sundeco.ch\/fr\/wp-json\/wp\/v2\/pages\/2334"}],"wp:featuredmedia":[{"embeddable":true,"href":"https:\/\/sundeco.ch\/fr\/wp-json\/wp\/v2\/media\/1872"}],"wp:attachment":[{"href":"https:\/\/sundeco.ch\/fr\/wp-json\/wp\/v2\/media?parent=2442"}],"curies":[{"name":"wp","href":"https:\/\/api.w.org\/{rel}","templated":true}]}}