{"id":2429,"date":"2025-04-03T16:45:31","date_gmt":"2025-04-03T14:45:31","guid":{"rendered":"https:\/\/staging.sundeco.ch\/produits\/stores-enrouleurs-doubles\/"},"modified":"2025-06-18T11:30:10","modified_gmt":"2025-06-18T09:30:10","slug":"stores-enrouleurs-doubles","status":"publish","type":"page","link":"https:\/\/sundeco.ch\/fr\/produits\/stores-enrouleurs-doubles\/","title":{"rendered":"Stores enrouleurs doubles"},"content":{"rendered":"    <!-- HERO HEADLINE BLOCK -->\n    <section class=\"wrapper hero-wrapper\"\n             role=\"region\">\n        <div class=\"hero-headline\">\n            <h1>Stores enrouleurs doubles sur mesure<\/h1>\n            <p style=\"text-align: center;\">Les stores enrouleurs doubles jouent avec la lumi\u00e8re et la visibilit\u00e9 et rendent votre maison confortable et moderne<\/p>\n                    <\/div>\n    <\/section>\n    <!-- \/HERO HEADLINE BLOCK -->\n    \n\n                    <div class=\"wrapper\">\n                        <article class=\"grid-2\">\n                                                            <div class=\"article-content\" role=\"article\">\n                                                                            <h2>Protection \u00e9l\u00e9gante contre l&#039;\u00e9blouissement gr\u00e2ce au store enrouleur double<\/h2>\n                                                                                                                <p>Un store enrouleur double allie design moderne et sophistication fonctionnelle. L&rsquo;alternance de bandes transparentes et opaques permet de r\u00e9guler individuellement la luminosit\u00e9, selon l&rsquo;heure de la journ\u00e9e et votre humeur. Gr\u00e2ce \u00e0 son esth\u00e9tique \u00e9pur\u00e9e, sa simplicit\u00e9 d&rsquo;utilisation et son large choix de couleurs et de motifs, le store enrouleur double s&rsquo;int\u00e8gre harmonieusement \u00e0 tous les styles d&rsquo;int\u00e9rieur. Qu&rsquo;il s&rsquo;agisse d&rsquo;un \u00e9l\u00e9gant brise-vue dans le salon, d&rsquo;une protection anti-\u00e9blouissement variable au bureau ou d&rsquo;un \u00e9l\u00e9ment d\u00e9coratif discret dans la chambre, les stores enrouleurs doubles offrent une solution flexible et esth\u00e9tique.<\/p>\n                                                                                                        <\/div> <!-- \/.article-content -->\n\n                                <div class=\"article-image\">\n                                    <img data-src=\"https:\/\/sundeco.ch\/wp-content\/uploads\/2025\/04\/erfal_Doppelrollos_15.webp\" alt=\"Gem\u00fctlicher Raum mit nat\u00fcrlichem Lichteinfall durch ein gestreiftes Sichtschutz Element am Fenster.\" class=\"article-image lazyload\">                                <\/div><!-- \/.article-image -->\n                                                    <\/article><!-- \/.grid-2 -->\n                    <\/div> <!-- \/.wrapper -->\n                                        <div class=\"wrapper\">\n                        <article class=\"grid-2\">\n                                                            <div class=\"article-image\">\n                                    <img data-src=\"https:\/\/sundeco.ch\/wp-content\/uploads\/2025\/04\/erfal_Doppelrollos_02.webp\" alt=\"Wohnzimmer mit grossen Fenstern und dekorativen Sichtschutzl\u00f6sungen in Rosa mit floralem Muster\" class=\"article-image lazyload\">                                <\/div> <!-- \/.article-image -->\n\n                                <div class=\"article-content\">\n                                                                            <h2>Comment fonctionne exactement un store enrouleur double ?<\/h2>\n                                                                                                                <p>Ce syst\u00e8me de protection solaire et d&rsquo;intimit\u00e9 est compos\u00e9 de deux panneaux de tissu cons\u00e9cutifs, alternant bandes transparentes et opaques. En d\u00e9calant les panneaux l&rsquo;un par rapport \u00e0 l&rsquo;autre, la quantit\u00e9 de lumi\u00e8re entrant dans la pi\u00e8ce peut \u00eatre r\u00e9gl\u00e9e avec souplesse. Selon la position des bandes, la lumi\u00e8re naturelle p\u00e9n\u00e8tre davantage dans la pi\u00e8ce ou une zone de vision prot\u00e9g\u00e9e est cr\u00e9\u00e9e. Cette technologie permet un \u00e9quilibre parfait entre luminosit\u00e9 et intimit\u00e9.<\/p>\n                                                                                                        <\/div> <!-- \/.article-content -->\n                                                    <\/article><!-- \/.grid-2 -->\n                    <\/div> <!-- \/.wrapper -->\n                    \n\n    <div class=\"list-block\">\n        <div class=\"list-header\">\n            <h2>Les principaux avantages des stores enrouleurs doubles en un coup d&#039;\u0153il<\/h2>\n        <\/div>\n        <div class=\"list-grid\">\n            <div>\n                <ul class=\"list-items\">\n                                                                    <li>\n                            <p>Gr\u00e2ce aux bandes transparentes et opaques altern\u00e9es, l&rsquo;incidence lumineuse des stores enrouleurs doubles peut \u00eatre r\u00e9gl\u00e9e de mani\u00e8re flexible.<\/p>\n                        <\/li>\n                                                                    <li>\n                            <p>Les stores enrouleurs doubles prot\u00e8gent efficacement des regards indiscrets sans assombrir compl\u00e8tement la pi\u00e8ce.<\/p>\n                        <\/li>\n                                                                    <li>\n                            <p>Avec leur look contemporain, les stores enrouleurs doubles s&rsquo;int\u00e8grent harmonieusement dans les concepts de vie modernes et ajoutent des accents \u00e9l\u00e9gants \u00e0 la fen\u00eatre.<\/p>\n                        <\/li>\n                                                                    <li>\n                            <p>Les stores enrouleurs doubles sont disponibles dans de nombreux mod\u00e8les et s&rsquo;adaptent \u00e0 tous les styles d&rsquo;int\u00e9rieur.<\/p>\n                        <\/li>\n                                                                    <li>\n                            <p>La conception compacte rend les stores enrouleurs doubles id\u00e9aux pour les petites pi\u00e8ces ou les fen\u00eatres avec un espace limit\u00e9.<\/p>\n                        <\/li>\n                                    <\/ul>\n            <\/div>\n                            <div>\n                    <ul class=\"list-items\">\n                                                    <li>\n                                <p>Gr\u00e2ce aux supports de serrage, de nombreux mod\u00e8les peuvent \u00eatre fix\u00e9s au ch\u00e2ssis de la fen\u00eatre sans per\u00e7age, parfaits pour les propri\u00e9t\u00e9s locatives.<\/p>\n                            <\/li>\n                                                    <li>\n                                <p>La production sur mesure garantit un ajustement pr\u00e9cis, pour les fen\u00eatres standard ainsi que pour les formats sp\u00e9ciaux.<\/p>\n                            <\/li>\n                                                    <li>\n                                <p>Qu&rsquo;ils soient manuels ou motoris\u00e9s : les stores enrouleurs doubles se r\u00e8glent facilement et avec pr\u00e9cision.<\/p>\n                            <\/li>\n                                                    <li>\n                                <p>La r\u00e9gulation en continu permet de prot\u00e9ger les pi\u00e8ces contre la surchauffe et de cr\u00e9er une lumi\u00e8re sans \u00e9blouissement.<\/p>\n                            <\/li>\n                                                    <li>\n                                <p>Die stufenweise Regulierung hilft, R\u00e4ume vor \u00dcberhitzung zu sch\u00fctzen und blendfreies Licht zu schaffen.<\/p>\n                            <\/li>\n                                            <\/ul>\n                <\/div>\n                    <\/div>\n    <\/div>\n    \n\n                <div\n                        class=\"spacer-block\"\n                        style=\"height: 3rem;\"\n                        aria-hidden=\"true\"\n                >\n                <\/div>\n                \n\n    <!-- Header Block -->\n    <div class=\"wrapper header-block\">\n                    <h2>Quelles sont les options de montage disponibles ?<\/h2>\n                <\/div>\n    <!-- \/Header Block -->\n    \n\n    <div id=\"swiper-carousel-69e4ad4c7acfc5.88837780\" class=\"swiper-carousel-block\">\n        <div class=\"swiper mySwiper\">\n            <div class=\"swiper-wrapper swiper-center\">\n                                                        <div class=\"swiper-slide\">\n                        <div class=\"card image-top-card\">\n                            <img decoding=\"async\" src=\"https:\/\/sundeco.ch\/wp-content\/uploads\/2025\/04\/erfal_Doppelrollos_10-680x480.webp\"\n                                 alt=\"Beiger Sichtschutz mit transparenten Streifen vor einem Fenster in modernem Wohnraum\"\n                                 loading=\"lazy\">\n                            <div class=\"card-content\">\n                                <h3>Devant la fen\u00eatre<\/h3>\n                                <p>Les stores enrouleurs doubles offrent de multiples possibilit\u00e9s d&#039;installation. Selon la configuration de la pi\u00e8ce, ils peuvent \u00eatre fix\u00e9s au mur ou au plafond. Le montage mural est particuli\u00e8rement adapt\u00e9 pour placer le store enrouleur double directement au-dessus de la fen\u00eatre, tandis que le montage au plafond est id\u00e9al pour ombrager avec style et efficacit\u00e9 les grandes fen\u00eatres ou les baies vitr\u00e9es.<\/p>\n                            <\/div>\n                        <\/div>\n                    <\/div>\n                                                        <div class=\"swiper-slide\">\n                        <div class=\"card image-top-card\">\n                            <img decoding=\"async\" src=\"https:\/\/sundeco.ch\/wp-content\/uploads\/2025\/04\/erfal_Doppelrollos_Montagemoeglichkeiten_auf_Fensterrahmen-680x480.webp\"\n                                 alt=\"Lichtdurchl\u00e4ssiger Sichtschutz mit abwechselnden Stoffstreifen kombiniert mit weissen Vorh\u00e4ngen am Fenster\"\n                                 loading=\"lazy\">\n                            <div class=\"card-content\">\n                                <h3>Sur le cadre de la fen\u00eatre<\/h3>\n                                <p>Les stores enrouleurs doubles avec supports de serrage se fixent rapidement et sans per\u00e7age au ch\u00e2ssis de la fen\u00eatre. Les supports se fixent simplement, sans outil et sans endommager le cadre de la fen\u00eatre. Ce type d&#039;installation est particuli\u00e8rement r\u00e9pandu dans les logements locatifs ou pour les fen\u00eatres en plastique et permet une fixation s\u00fbre et propre, facilement d\u00e9montable si n\u00e9cessaire.<\/p>\n                            <\/div>\n                        <\/div>\n                    <\/div>\n                            <\/div>\n\n            <div class=\"swiper-button-prev\"><\/div>\n            <div class=\"swiper-button-next\"><\/div>\n\n            <div class=\"swiper-pagination\"><\/div>\n\n        <\/div>\n    <\/div>\n    \n\n                <div\n                        class=\"spacer-block\"\n                        style=\"height: 3rem;\"\n                        aria-hidden=\"true\"\n                >\n                <\/div>\n                \n\n    <!-- Header Block -->\n    <div class=\"wrapper header-block\">\n                    <h2>Comment \u00e7a marche ?<\/h2>\n                <\/div>\n    <!-- \/Header Block -->\n    \n\n    <div id=\"swiper-carousel-69e4ad4c7c7986.34984952\" class=\"swiper-carousel-block\">\n        <div class=\"swiper mySwiper\">\n            <div class=\"swiper-wrapper swiper-center\">\n                                                        <div class=\"swiper-slide\">\n                        <div class=\"card image-top-card\">\n                            <img decoding=\"async\" src=\"https:\/\/sundeco.ch\/wp-content\/uploads\/2025\/04\/erfal_Doppelrollos_bedienung_Kettenzug-570x480.webp\"\n                                 alt=\"Lichtdurchl\u00e4ssiger Sichtschutz mit abwechselnden Stoffstreifen kombiniert mit weissen Vorh\u00e4ngen am Fenster\"\n                                 loading=\"lazy\">\n                            <div class=\"card-content\">\n                                <h3>Palan \u00e0 cha\u00eene<\/h3>\n                                <p>Les stores \u00e0 cha\u00eenette constituent une solution pratique et \u00e9prouv\u00e9e pour un usage quotidien. La cha\u00eenette lat\u00e9rale permet un r\u00e9glage pr\u00e9cis de la hauteur du tissu et un contr\u00f4le personnalis\u00e9 de l&#039;incidence de la lumi\u00e8re.<\/p>\n                            <\/div>\n                        <\/div>\n                    <\/div>\n                                                        <div class=\"swiper-slide\">\n                        <div class=\"card image-top-card\">\n                            <img decoding=\"async\" src=\"https:\/\/sundeco.ch\/wp-content\/uploads\/2025\/04\/erfal_Doppelrollos_elektrische_Bedienung-570x480.webp\"\n                                 alt=\"Fernbedienung, Wandschalter und Smartphone mit App zur Bedienung von Sonnenschutzsystemen\"\n                                 loading=\"lazy\">\n                            <div class=\"card-content\">\n                                <h3>\u00c9lectrique<\/h3>\n                                <p>Les stores enrouleurs doubles \u00e9lectriques offrent un confort d&#039;utilisation optimal et s&#039;int\u00e8grent parfaitement aux int\u00e9rieurs modernes. Qu&#039;ils soient command\u00e9s par interrupteur, t\u00e9l\u00e9commande ou via une application, leur position peut \u00eatre r\u00e9gl\u00e9e facilement et pr\u00e9cis\u00e9ment.<\/p>\n                            <\/div>\n                        <\/div>\n                    <\/div>\n                            <\/div>\n\n            <div class=\"swiper-button-prev\"><\/div>\n            <div class=\"swiper-button-next\"><\/div>\n\n            <div class=\"swiper-pagination\"><\/div>\n\n        <\/div>\n    <\/div>\n    \n\n    <div class=\"location-block\">\n        <div class=\"container-background\">\n            <img data-src=\"https:\/\/sundeco.ch\/wp-content\/uploads\/2025\/04\/SUNDECO-Map-schweiz.webp\" alt=\"Location Background\" class=\"lazyload\">\n        <\/div>\n        <div class=\"location-overlay\">\n            <h2>Protection solaire Suisse &#8211; nos partenaires sp\u00e9cialis\u00e9s sont tout pr\u00e8s de chez vous<\/h2>\n            <p>Nos partenaires vous servent dans toute la Suisse. Dans les r\u00e9gions suivantes, nous avons des repr\u00e9sentants Sundeco qui peuvent vous conseiller !<\/p>\n        <\/div>\n        <div class=\"location-cta\">\n            <a href=\"https:\/\/sundeco.ch\/standorte\/\">\n                <span class=\"button\">Partenaire pr\u00e8s de chez toi ?<\/span>\n            <\/a>\n        <\/div>\n    <\/div>\n    ","protected":false},"excerpt":{"rendered":"","protected":false},"author":1,"featured_media":1860,"parent":2334,"menu_order":0,"comment_status":"closed","ping_status":"closed","template":"templates\/index.php","meta":{"footnotes":""},"class_list":["post-2429","page","type-page","status-publish","has-post-thumbnail","hentry"],"_links":{"self":[{"href":"https:\/\/sundeco.ch\/fr\/wp-json\/wp\/v2\/pages\/2429","targetHints":{"allow":["GET"]}}],"collection":[{"href":"https:\/\/sundeco.ch\/fr\/wp-json\/wp\/v2\/pages"}],"about":[{"href":"https:\/\/sundeco.ch\/fr\/wp-json\/wp\/v2\/types\/page"}],"author":[{"embeddable":true,"href":"https:\/\/sundeco.ch\/fr\/wp-json\/wp\/v2\/users\/1"}],"replies":[{"embeddable":true,"href":"https:\/\/sundeco.ch\/fr\/wp-json\/wp\/v2\/comments?post=2429"}],"version-history":[{"count":1,"href":"https:\/\/sundeco.ch\/fr\/wp-json\/wp\/v2\/pages\/2429\/revisions"}],"predecessor-version":[{"id":2430,"href":"https:\/\/sundeco.ch\/fr\/wp-json\/wp\/v2\/pages\/2429\/revisions\/2430"}],"up":[{"embeddable":true,"href":"https:\/\/sundeco.ch\/fr\/wp-json\/wp\/v2\/pages\/2334"}],"wp:featuredmedia":[{"embeddable":true,"href":"https:\/\/sundeco.ch\/fr\/wp-json\/wp\/v2\/media\/1860"}],"wp:attachment":[{"href":"https:\/\/sundeco.ch\/fr\/wp-json\/wp\/v2\/media?parent=2429"}],"curies":[{"name":"wp","href":"https:\/\/api.w.org\/{rel}","templated":true}]}}