{"id":2780,"date":"2025-04-17T08:54:30","date_gmt":"2025-04-17T06:54:30","guid":{"rendered":"https:\/\/staging.sundeco.ch\/meilen\/"},"modified":"2025-10-29T16:15:25","modified_gmt":"2025-10-29T15:15:25","slug":"meilen","status":"publish","type":"page","link":"https:\/\/sundeco.ch\/en\/meilen\/","title":{"rendered":"Meilen"},"content":{"rendered":"    <!-- HERO HEADLINE BLOCK -->\n    <section class=\"wrapper hero-wrapper\"\n             role=\"region\">\n        <div class=\"hero-headline\">\n            <h1>Sun protection consultation and installation in Meilen<\/h1>\n            <p style=\"text-align: center;\">In <a href=\"https:\/\/www.meilen.ch\/\" rel=\"nofollow noopener\" target=\"_blank\">Meilen<\/a> und im ganzen Kanton Z\u00fcrich stehen wir Ihnen mit pers\u00f6nlichem Service rund um den Sonnenschutz zur Seite. Von der individuellen Beratung \u00fcber die pr\u00e4zise Ausmessung bis hin zur fachgerechten Montage, ausgef\u00fchrt durch unsere erfahrenen Partner vor Ort.<\/p>\n                            <div class=\"cta-wrap\">\n                    <a href=\"https:\/\/sundeco.ch\/offertenanfrage\/\" aria-label=\"\"><span\n                                class=\"button\">Book a free consultation<\/span><\/a>\n                <\/div>\n                        <\/div>\n    <\/section>\n    <!-- \/HERO HEADLINE BLOCK -->\n    ","protected":false},"excerpt":{"rendered":"","protected":false},"author":1,"featured_media":2000,"parent":0,"menu_order":0,"comment_status":"closed","ping_status":"closed","template":"templates\/index.php","meta":{"footnotes":""},"class_list":["post-2780","page","type-page","status-publish","has-post-thumbnail","hentry"],"_links":{"self":[{"href":"https:\/\/sundeco.ch\/en\/wp-json\/wp\/v2\/pages\/2780","targetHints":{"allow":["GET"]}}],"collection":[{"href":"https:\/\/sundeco.ch\/en\/wp-json\/wp\/v2\/pages"}],"about":[{"href":"https:\/\/sundeco.ch\/en\/wp-json\/wp\/v2\/types\/page"}],"author":[{"embeddable":true,"href":"https:\/\/sundeco.ch\/en\/wp-json\/wp\/v2\/users\/1"}],"replies":[{"embeddable":true,"href":"https:\/\/sundeco.ch\/en\/wp-json\/wp\/v2\/comments?post=2780"}],"version-history":[{"count":2,"href":"https:\/\/sundeco.ch\/en\/wp-json\/wp\/v2\/pages\/2780\/revisions"}],"predecessor-version":[{"id":4571,"href":"https:\/\/sundeco.ch\/en\/wp-json\/wp\/v2\/pages\/2780\/revisions\/4571"}],"wp:featuredmedia":[{"embeddable":true,"href":"https:\/\/sundeco.ch\/en\/wp-json\/wp\/v2\/media\/2000"}],"wp:attachment":[{"href":"https:\/\/sundeco.ch\/en\/wp-json\/wp\/v2\/media?parent=2780"}],"curies":[{"name":"wp","href":"https:\/\/api.w.org\/{rel}","templated":true}]}}